{"id":1143,"date":"2018-12-19T09:51:34","date_gmt":"2018-12-19T08:51:34","guid":{"rendered":"http:preview.ziegeler-solar.de\/?page_id=1143"},"modified":"2025-06-06T11:13:30","modified_gmt":"2025-06-06T09:13:30","slug":"solarthermie","status":"publish","type":"page","link":"https:\/\/ziegeler-solar.de\/index.php\/solarthermie\/","title":{"rendered":"Solarthermie"},"content":{"rendered":"\n<style type=\"text\/css\" data-created_by=\"avia_inline_auto\" id=\"style-css-av-jq7vwz88-9546dc412b00f24aaec6df4b8742402c\">\n.avia-section.av-jq7vwz88-9546dc412b00f24aaec6df4b8742402c .av-parallax .av-parallax-inner{\nbackground-repeat:no-repeat;\nbackground-image:url(https:\/\/ziegeler-solar.de\/wp-content\/uploads\/2024\/08\/Solarthermie_2000x1200px-300x180.jpg);\nbackground-position:50% 50%;\nbackground-attachment:scroll;\n}\n<\/style>\n<div id='av_section_1'  class='avia-section av-jq7vwz88-9546dc412b00f24aaec6df4b8742402c main_color avia-section-no-padding avia-no-border-styling  avia-builder-el-0  el_before_av_section  avia-builder-el-first  av-medium-hide av-small-hide av-mini-hide av-parallax-section avia-bg-style-parallax av-minimum-height av-minimum-height-custom av-height-custom  container_wrap fullsize'  data-section-bg-repeat='no-repeat' data-av_minimum_height_px='600'><div class='av-parallax' data-avia-parallax-ratio='0.3' ><div class='av-parallax-inner main_color avia-full-stretch'><\/div><\/div><div class='container av-section-cont-open' style='height:600px'><main  role=\"main\" itemprop=\"mainContentOfPage\"  class='template-page content  av-content-full alpha units'><div class='post-entry post-entry-type-page post-entry-1143'><div class='entry-content-wrapper clearfix'>\n\n<style type=\"text\/css\" data-created_by=\"avia_inline_auto\" id=\"style-css-av-jq7w8ldb-5695a24f80bb93a644df8365d96d63be\">\n#top .hr.hr-invisible.av-jq7w8ldb-5695a24f80bb93a644df8365d96d63be{\nmargin-top:-100px;\nheight:1px;\n}\n<\/style>\n<div  class='hr av-jq7w8ldb-5695a24f80bb93a644df8365d96d63be hr-invisible  avia-builder-el-1  el_before_av_textblock  avia-builder-el-first '><span class='hr-inner '><span class=\"hr-inner-style\"><\/span><\/span><\/div>\n\n<style type=\"text\/css\" data-created_by=\"avia_inline_auto\" id=\"style-css-av-jq7w4hq6-7fbb31e7df6476a2aae4907afb94c698\">\n#top .av_textblock_section.av-jq7w4hq6-7fbb31e7df6476a2aae4907afb94c698 .avia_textblock{\ncolor:#ffffff;\n}\n<\/style>\n<section  class='av_textblock_section av-jq7w4hq6-7fbb31e7df6476a2aae4907afb94c698 '   itemscope=\"itemscope\" itemtype=\"https:\/\/schema.org\/CreativeWork\" ><div class='avia_textblock headingPicture av_inherit_color'  itemprop=\"text\" ><h1>Solarthermie<\/h1>\n<\/div><\/section>\n\n<style type=\"text\/css\" data-created_by=\"avia_inline_auto\" id=\"style-css-av-jq7w4hq6-8b97cfa30aaf10d07640638bd99e90de\">\n#top .av_textblock_section.av-jq7w4hq6-8b97cfa30aaf10d07640638bd99e90de .avia_textblock{\ncolor:#ffffff;\n}\n<\/style>\n<section  class='av_textblock_section av-jq7w4hq6-8b97cfa30aaf10d07640638bd99e90de '   itemscope=\"itemscope\" itemtype=\"https:\/\/schema.org\/CreativeWork\" ><div class='avia_textblock textoverPicture av_inherit_color'  itemprop=\"text\" ><h3>Die W\u00e4rme der Sonne nutzen<\/h3>\n<\/div><\/section>\n\n<\/div><\/div><\/main><!-- close content main element --><\/div><\/div><div id='av_section_2'  class='avia-section av-jq7vwz88-249f3cdfdb7cb64cb9d4d1e504bce34b main_color avia-section-no-padding avia-no-border-styling  avia-builder-el-4  el_after_av_section  el_before_av_hr  av-desktop-hide avia-bg-style-parallax av-minimum-height av-minimum-height-50 av-height-50  container_wrap fullsize'   data-av_minimum_height_pc='50' data-av_min_height_opt='50'><div class='container av-section-cont-open' ><div class='template-page content  av-content-full alpha units'><div class='post-entry post-entry-type-page post-entry-1143'><div class='entry-content-wrapper clearfix'>\n\n<style type=\"text\/css\" data-created_by=\"avia_inline_auto\" id=\"style-css-av-jq7w4hq6-7fbb31e7df6476a2aae4907afb94c698\">\n#top .av_textblock_section.av-jq7w4hq6-7fbb31e7df6476a2aae4907afb94c698 .avia_textblock{\ncolor:#ffffff;\n}\n<\/style>\n<section  class='av_textblock_section av-jq7w4hq6-7fbb31e7df6476a2aae4907afb94c698 '   itemscope=\"itemscope\" itemtype=\"https:\/\/schema.org\/CreativeWork\" ><div class='avia_textblock headingPicture av_inherit_color'  itemprop=\"text\" ><h2>Solarthermie<\/h2>\n<\/div><\/section>\n\n<style type=\"text\/css\" data-created_by=\"avia_inline_auto\" id=\"style-css-av-jq7w4hq6-8b97cfa30aaf10d07640638bd99e90de\">\n#top .av_textblock_section.av-jq7w4hq6-8b97cfa30aaf10d07640638bd99e90de .avia_textblock{\ncolor:#ffffff;\n}\n<\/style>\n<section  class='av_textblock_section av-jq7w4hq6-8b97cfa30aaf10d07640638bd99e90de '   itemscope=\"itemscope\" itemtype=\"https:\/\/schema.org\/CreativeWork\" ><div class='avia_textblock textoverPicture av_inherit_color'  itemprop=\"text\" ><h3>Die W\u00e4rme der Sonne nutzen<\/h3>\n<\/div><\/section>\n<\/div><\/div><\/div><!-- close content main div --><\/div><\/div><div id='after_section_2'  class='main_color av_default_container_wrap container_wrap fullsize'  ><div class='container av-section-cont-open' ><div class='template-page content  av-content-full alpha units'><div class='post-entry post-entry-type-page post-entry-1143'><div class='entry-content-wrapper clearfix'>\n\n<style type=\"text\/css\" data-created_by=\"avia_inline_auto\" id=\"style-css-av-jq7qvnzt-052f55f661e545c5ef77d53da8048a99\">\n#top .hr.hr-invisible.av-jq7qvnzt-052f55f661e545c5ef77d53da8048a99{\nheight:100px;\n}\n<\/style>\n<div  class='hr av-jq7qvnzt-052f55f661e545c5ef77d53da8048a99 hr-invisible  avia-builder-el-7  el_after_av_section  el_before_av_hr  avia-builder-el-first  av-medium-hide av-small-hide av-mini-hide'><span class='hr-inner '><span class=\"hr-inner-style\"><\/span><\/span><\/div>\n\n<style type=\"text\/css\" data-created_by=\"avia_inline_auto\" id=\"style-css-av-jq7qvnzt-649afbc57091e6b7ab7fe22ba7dc0898\">\n#top .hr.hr-invisible.av-jq7qvnzt-649afbc57091e6b7ab7fe22ba7dc0898{\nheight:25px;\n}\n<\/style>\n<div  class='hr av-jq7qvnzt-649afbc57091e6b7ab7fe22ba7dc0898 hr-invisible  avia-builder-el-8  el_after_av_hr  el_before_av_one_full  av-desktop-hide'><span class='hr-inner '><span class=\"hr-inner-style\"><\/span><\/span><\/div>\n\n<style type=\"text\/css\" data-created_by=\"avia_inline_auto\" id=\"style-css-av-d0r8lj-9a2a10729780de38ece161acaa05479b\">\n.flex_column.av-d0r8lj-9a2a10729780de38ece161acaa05479b{\nborder-radius:0px 0px 0px 0px;\npadding:0px 0px 0px 0px;\n}\n<\/style>\n<div  class='flex_column av-d0r8lj-9a2a10729780de38ece161acaa05479b av_one_full  avia-builder-el-9  el_after_av_hr  el_before_av_hr  first flex_column_div av-zero-column-padding  '     ><p>\n<style type=\"text\/css\" data-created_by=\"avia_inline_auto\" id=\"style-css-av-jqp89e4r-d73d146174fc69848f7e87f752eda753\">\n#top .av-special-heading.av-jqp89e4r-d73d146174fc69848f7e87f752eda753{\npadding-bottom:10px;\n}\nbody .av-special-heading.av-jqp89e4r-d73d146174fc69848f7e87f752eda753 .av-special-heading-tag .heading-char{\nfont-size:25px;\n}\n.av-special-heading.av-jqp89e4r-d73d146174fc69848f7e87f752eda753 .av-subheading{\nfont-size:15px;\n}\n<\/style>\n<div  class='av-special-heading av-jqp89e4r-d73d146174fc69848f7e87f752eda753 av-special-heading-h1 blockquote modern-quote  avia-builder-el-10  el_before_av_heading  avia-builder-el-first  av-small-hide av-mini-hide'><h1 class='av-special-heading-tag '  itemprop=\"headline\"  >Solarthermie<\/h1><div class=\"special-heading-border\"><div class=\"special-heading-inner-border\"><\/div><\/div><\/div><br \/>\n\n<style type=\"text\/css\" data-created_by=\"avia_inline_auto\" id=\"style-css-av-jqp89izq-e92676614092df813c55553868f87e96\">\n#top .av-special-heading.av-jqp89izq-e92676614092df813c55553868f87e96{\npadding-bottom:10px;\n}\nbody .av-special-heading.av-jqp89izq-e92676614092df813c55553868f87e96 .av-special-heading-tag .heading-char{\nfont-size:25px;\n}\n.av-special-heading.av-jqp89izq-e92676614092df813c55553868f87e96 .av-subheading{\nfont-size:15px;\n}\n<\/style>\n<div  class='av-special-heading av-jqp89izq-e92676614092df813c55553868f87e96 av-special-heading-h2 blockquote modern-quote  avia-builder-el-11  el_after_av_heading  avia-builder-el-last  av-desktop-hide av-medium-hide'><h2 class='av-special-heading-tag '  itemprop=\"headline\"  >Solarthermie<\/h2><div class=\"special-heading-border\"><div class=\"special-heading-inner-border\"><\/div><\/div><\/div><\/p><\/div>\n\n<style type=\"text\/css\" data-created_by=\"avia_inline_auto\" id=\"style-css-av-jq7qvnzt-95aa5376f8fbd6e3db3e275ba462c707\">\n#top .hr.hr-invisible.av-jq7qvnzt-95aa5376f8fbd6e3db3e275ba462c707{\nheight:50px;\n}\n<\/style>\n<div  class='hr av-jq7qvnzt-95aa5376f8fbd6e3db3e275ba462c707 hr-invisible  avia-builder-el-12  el_after_av_one_full  el_before_av_two_third  av-medium-hide av-small-hide av-mini-hide'><span class='hr-inner '><span class=\"hr-inner-style\"><\/span><\/span><\/div>\n\n<style type=\"text\/css\" data-created_by=\"avia_inline_auto\" id=\"style-css-av-anj1cn-b52f0df35d9b564d54b5db864ad47ea4\">\n.flex_column.av-anj1cn-b52f0df35d9b564d54b5db864ad47ea4{\nborder-radius:0px 0px 0px 0px;\npadding:0px 0px 0px 0px;\n}\n<\/style>\n<div  class='flex_column av-anj1cn-b52f0df35d9b564d54b5db864ad47ea4 av_two_third  avia-builder-el-13  el_after_av_hr  el_before_av_hr  first av-break-at-tablet flex_column_div av-zero-column-padding  '     ><section  class='av_textblock_section av-jq7qygyq-90a9ed3c9445135b13eef645ea847746 '   itemscope=\"itemscope\" itemtype=\"https:\/\/schema.org\/CreativeWork\" ><div class='avia_textblock'  itemprop=\"text\" ><h3>Wir arbeiten mit den besten Partnern f\u00fcr Solarthermie zusammen<\/h3>\n<p>F\u00fcr eine langfristige Energieunabh\u00e4ngigkeit: Die Qualit\u00e4t und Vorteile des einzigartigen Solarheizsystems \u201eSolvis Max\u201c haben uns \u00fcberzeugt.<\/p>\n<p>Erd\u00f6l wird immer teurer und knapper! Die Sonne scheint dagegen kostenlos und noch ca. 1.7 Billionen Jahre. Darum jetzt die kostenlose Solarenergie nutzen.<\/p>\n<\/div><\/section><\/div>\n\n<style type=\"text\/css\" data-created_by=\"avia_inline_auto\" id=\"style-css-av-jq7qvnzt-091588a0467cfe618ec54df748220c47\">\n#top .hr.hr-invisible.av-jq7qvnzt-091588a0467cfe618ec54df748220c47{\nheight:75px;\n}\n<\/style>\n<div  class='hr av-jq7qvnzt-091588a0467cfe618ec54df748220c47 hr-invisible  avia-builder-el-15  el_after_av_two_third  el_before_av_one_third '><span class='hr-inner '><span class=\"hr-inner-style\"><\/span><\/span><\/div>\n\n<style type=\"text\/css\" data-created_by=\"avia_inline_auto\" id=\"style-css-av-8n55mf-341152080c54324862e3ffbe0ef69aed\">\n.flex_column.av-8n55mf-341152080c54324862e3ffbe0ef69aed{\nborder-radius:0px 0px 0px 0px;\npadding:0px 0px 0px 0px;\n}\n<\/style>\n<div  class='flex_column av-8n55mf-341152080c54324862e3ffbe0ef69aed av_one_third  avia-builder-el-16  el_after_av_hr  el_before_av_one_third  first av-break-at-tablet flex_column_div av-zero-column-padding  '     ><style type=\"text\/css\" data-created_by=\"avia_inline_auto\" id=\"style-css-av-jpv86pwb-046ac846d36597a93edd680912501c04\">\n#top .avia-icon-list-container.av-jpv86pwb-046ac846d36597a93edd680912501c04 .iconlist_icon{\nbackground-color:#ffd600;\n}\n#top #wrap_all .avia-icon-list-container.av-jpv86pwb-046ac846d36597a93edd680912501c04 .av_iconlist_title{\nfont-size:16px;\n}\n<\/style>\n<div  class='avia-icon-list-container av-jpv86pwb-046ac846d36597a93edd680912501c04  avia-builder-el-17  avia-builder-el-no-sibling '><ul class='avia-icon-list avia_animate_when_almost_visible avia-icon-list-left av-iconlist-big av-jpv86pwb-046ac846d36597a93edd680912501c04 avia-iconlist-animate'>\n<li><div class='iconlist_icon av-7ns807-08baed880a0c768cc5e387153ef7fe9b avia-font-entypo-fontello avia-iconfont avia-font-entypo-fontello'><span class='av-icon-char' data-av_icon='\ue866' data-av_iconfont='entypo-fontello' aria-hidden=\"true\"><\/span><\/div><article class=\"article-icon-entry \"  itemscope=\"itemscope\" itemtype=\"https:\/\/schema.org\/CreativeWork\" ><div class=\"iconlist_content_wrap\"><header class=\"entry-content-header\" aria-label=\"Icon: &lt;span style=&quot;text-transform: none;&quot;&gt;Solarthermie&lt;\/span&gt;\"><h4 class='av_iconlist_title iconlist_title  '  itemprop=\"headline\" ><span style=\"text-transform: none;\">Solarthermie<\/span><\/h4><\/header><div class='iconlist_content '  itemprop=\"text\" ><p>Die thermische Solaranlage bedient sich der Sonne zur Warmwasserbereitung und zur kombinierten Heizungsunterst\u00fctzung.<\/p>\n<\/div><\/div><footer class=\"entry-footer\"><\/footer><\/article><div class=\"iconlist-timeline\"><\/div><\/li>\n<li><div class='iconlist_icon av-610ivr-848824de7b329560805235f6a124da07 avia-font-entypo-fontello avia-iconfont avia-font-entypo-fontello'><span class='av-icon-char' data-av_icon='\ue8c7' data-av_iconfont='entypo-fontello' aria-hidden=\"true\"><\/span><\/div><article class=\"article-icon-entry \"  itemscope=\"itemscope\" itemtype=\"https:\/\/schema.org\/CreativeWork\" ><div class=\"iconlist_content_wrap\"><header class=\"entry-content-header\" aria-label=\"Icon: &lt;span style=&quot;text-transform: none;&quot;&gt;Kalkulierter Ertrag&lt;\/span&gt;\"><h4 class='av_iconlist_title iconlist_title  '  itemprop=\"headline\" ><span style=\"text-transform: none;\">Kalkulierter Ertrag<\/span><\/h4><\/header><div class='iconlist_content '  itemprop=\"text\" ><p>Ihre bisherigen Haushaltsabrechnungen dienen der optimalen Ermittlung Ihres Bedarfs. Auf Wunsch erstellen wir auch gern eine wirtschaftliche Berechnung.<\/p>\n<\/div><\/div><footer class=\"entry-footer\"><\/footer><\/article><div class=\"iconlist-timeline\"><\/div><\/li>\n<\/ul><\/div><\/div>\n\n<style type=\"text\/css\" data-created_by=\"avia_inline_auto\" id=\"style-css-av-x1l0k-f520041583967fa9ad7a9367da71c995\">\n.flex_column.av-x1l0k-f520041583967fa9ad7a9367da71c995{\nborder-radius:0px 0px 0px 0px;\npadding:0px 0px 0px 0px;\n}\n<\/style>\n<div  class='flex_column av-x1l0k-f520041583967fa9ad7a9367da71c995 av_one_third  avia-builder-el-18  el_after_av_one_third  el_before_av_one_third  av-break-at-tablet flex_column_div av-zero-column-padding  '     ><style type=\"text\/css\" data-created_by=\"avia_inline_auto\" id=\"style-css-av-jpv86pwb-046ac846d36597a93edd680912501c04\">\n#top .avia-icon-list-container.av-jpv86pwb-046ac846d36597a93edd680912501c04 .iconlist_icon{\nbackground-color:#ffd600;\n}\n#top #wrap_all .avia-icon-list-container.av-jpv86pwb-046ac846d36597a93edd680912501c04 .av_iconlist_title{\nfont-size:16px;\n}\n<\/style>\n<div  class='avia-icon-list-container av-jpv86pwb-046ac846d36597a93edd680912501c04  avia-builder-el-19  avia-builder-el-no-sibling '><ul class='avia-icon-list avia_animate_when_almost_visible avia-icon-list-left av-iconlist-big av-jpv86pwb-046ac846d36597a93edd680912501c04 avia-iconlist-animate'>\n<li><div class='iconlist_icon av-56upfo-3b7699e51e97df13f2ede0f19322e6ba avia-font-entypo-fontello avia-iconfont avia-font-entypo-fontello'><span class='av-icon-char' data-av_icon='\ue821' data-av_iconfont='entypo-fontello' aria-hidden=\"true\"><\/span><\/div><article class=\"article-icon-entry \"  itemscope=\"itemscope\" itemtype=\"https:\/\/schema.org\/CreativeWork\" ><div class=\"iconlist_content_wrap\"><header class=\"entry-content-header\" aria-label=\"Icon: &lt;span style=&quot;text-transform: none;&quot;&gt;Voraussetzungen&lt;\/span&gt;\"><h4 class='av_iconlist_title iconlist_title  '  itemprop=\"headline\" ><span style=\"text-transform: none;\">Voraussetzungen<\/span><\/h4><\/header><div class='iconlist_content '  itemprop=\"text\" ><p>In einem pers\u00f6nlichen Beratungsgespr\u00e4ch kl\u00e4ren wir ausf\u00fchrlich Ihre individuellen Voraussetzungen.<\/p>\n<\/div><\/div><footer class=\"entry-footer\"><\/footer><\/article><div class=\"iconlist-timeline\"><\/div><\/li>\n<li><div class='iconlist_icon av-4jwvfr-3854d4996835b356d4cc355f0a07d032 avia-font-entypo-fontello avia-iconfont avia-font-entypo-fontello'><span class='av-icon-char' data-av_icon='\ue8dd' data-av_iconfont='entypo-fontello' aria-hidden=\"true\"><\/span><\/div><article class=\"article-icon-entry \"  itemscope=\"itemscope\" itemtype=\"https:\/\/schema.org\/CreativeWork\" ><div class=\"iconlist_content_wrap\"><header class=\"entry-content-header\" aria-label=\"Icon: &lt;span style=&quot;text-transform: none;&quot;&gt;F\u00f6rderung&lt;\/span&gt;\"><h4 class='av_iconlist_title iconlist_title  '  itemprop=\"headline\" ><span style=\"text-transform: none;\">F\u00f6rderung<\/span><\/h4><\/header><div class='iconlist_content '  itemprop=\"text\" ><p>Die aktuellen M\u00f6glichkeiten \u00fcber BAFA und kfw-Bank erfahren Sie im Gespr\u00e4ch.<\/p>\n<\/div><\/div><footer class=\"entry-footer\"><\/footer><\/article><div class=\"iconlist-timeline\"><\/div><\/li>\n<\/ul><\/div><\/div>\n\n<style type=\"text\/css\" data-created_by=\"avia_inline_auto\" id=\"style-css-av-x1l0k-f520041583967fa9ad7a9367da71c995\">\n.flex_column.av-x1l0k-f520041583967fa9ad7a9367da71c995{\nborder-radius:0px 0px 0px 0px;\npadding:0px 0px 0px 0px;\n}\n<\/style>\n<div  class='flex_column av-x1l0k-f520041583967fa9ad7a9367da71c995 av_one_third  avia-builder-el-20  el_after_av_one_third  el_before_av_hr  av-break-at-tablet flex_column_div av-zero-column-padding  '     ><style type=\"text\/css\" data-created_by=\"avia_inline_auto\" id=\"style-css-av-jpv86pwb-046ac846d36597a93edd680912501c04\">\n#top .avia-icon-list-container.av-jpv86pwb-046ac846d36597a93edd680912501c04 .iconlist_icon{\nbackground-color:#ffd600;\n}\n#top #wrap_all .avia-icon-list-container.av-jpv86pwb-046ac846d36597a93edd680912501c04 .av_iconlist_title{\nfont-size:16px;\n}\n<\/style>\n<div  class='avia-icon-list-container av-jpv86pwb-046ac846d36597a93edd680912501c04  avia-builder-el-21  avia-builder-el-no-sibling '><ul class='avia-icon-list avia_animate_when_almost_visible avia-icon-list-left av-iconlist-big av-jpv86pwb-046ac846d36597a93edd680912501c04 avia-iconlist-animate'>\n<li><div class='iconlist_icon av-2zhu5j-c4035f5ce0f4eb03b25d353eceb55a91 avia-font-entypo-fontello avia-iconfont avia-font-entypo-fontello'><span class='av-icon-char' data-av_icon='\ue8cf' data-av_iconfont='entypo-fontello' aria-hidden=\"true\"><\/span><\/div><article class=\"article-icon-entry \"  itemscope=\"itemscope\" itemtype=\"https:\/\/schema.org\/CreativeWork\" ><div class=\"iconlist_content_wrap\"><header class=\"entry-content-header\" aria-label=\"Icon: &lt;span style=&quot;text-transform: none;&quot;&gt;Finanzierung&lt;\/span&gt;\"><h4 class='av_iconlist_title iconlist_title  '  itemprop=\"headline\" ><span style=\"text-transform: none;\">Finanzierung<\/span><\/h4><\/header><div class='iconlist_content '  itemprop=\"text\" ><p>Die aktuellen M\u00f6glichkeiten zur Finanzierung Ihres Projektes erfahren Sie bei uns im Gespr\u00e4ch.<\/p>\n<\/div><\/div><footer class=\"entry-footer\"><\/footer><\/article><div class=\"iconlist-timeline\"><\/div><\/li>\n<\/ul><\/div><\/div>\n\n<style type=\"text\/css\" data-created_by=\"avia_inline_auto\" id=\"style-css-av-jq7qvnzt-bed3f781566c81fb350da5f4f868f915\">\n#top .hr.hr-invisible.av-jq7qvnzt-bed3f781566c81fb350da5f4f868f915{\nheight:75px;\n}\n<\/style>\n<div  class='hr av-jq7qvnzt-bed3f781566c81fb350da5f4f868f915 hr-invisible  avia-builder-el-22  el_after_av_one_third  el_before_av_hr  av-medium-hide av-small-hide av-mini-hide'><span class='hr-inner '><span class=\"hr-inner-style\"><\/span><\/span><\/div>\n\n<style type=\"text\/css\" data-created_by=\"avia_inline_auto\" id=\"style-css-av-jq7qvnzt-0fa2a4fbe8599de7d8c5afa73d9e09a9\">\n#top .hr.hr-invisible.av-jq7qvnzt-0fa2a4fbe8599de7d8c5afa73d9e09a9{\nheight:10px;\n}\n<\/style>\n<div  class='hr av-jq7qvnzt-0fa2a4fbe8599de7d8c5afa73d9e09a9 hr-invisible  avia-builder-el-23  el_after_av_hr  el_before_av_section  avia-builder-el-last  av-desktop-hide av-small-hide av-mini-hide'><span class='hr-inner '><span class=\"hr-inner-style\"><\/span><\/span><\/div>\n<\/div><\/div><\/div><!-- close content main div --><\/div><\/div>\n<style type=\"text\/css\" data-created_by=\"avia_inline_auto\" id=\"style-css-av-jq7qwfo0-a0980c977a78dfb6000f87ad08f1d02b\">\n.avia-section.av-jq7qwfo0-a0980c977a78dfb6000f87ad08f1d02b{\nbackground-color:#ededed;\nbackground-image:unset;\n}\n<\/style>\n<div id='av_section_3'  class='avia-section av-jq7qwfo0-a0980c977a78dfb6000f87ad08f1d02b main_color avia-section-no-padding avia-no-border-styling  avia-builder-el-24  el_after_av_hr  avia-builder-el-last  avia-bg-style-scroll container_wrap fullsize'  ><div class='container av-section-cont-open' ><div class='template-page content  av-content-full alpha units'><div class='post-entry post-entry-type-page post-entry-1143'><div class='entry-content-wrapper clearfix'>\n\n<style type=\"text\/css\" data-created_by=\"avia_inline_auto\" id=\"style-css-av-jq7qvnzt-459e17e00e0bc655b4df9e10b8f76dd2\">\n#top .hr.hr-invisible.av-jq7qvnzt-459e17e00e0bc655b4df9e10b8f76dd2{\nheight:50px;\n}\n<\/style>\n<div  class='hr av-jq7qvnzt-459e17e00e0bc655b4df9e10b8f76dd2 hr-invisible  avia-builder-el-25  el_before_av_hr  avia-builder-el-first '><span class='hr-inner '><span class=\"hr-inner-style\"><\/span><\/span><\/div>\n\n<style type=\"text\/css\" data-created_by=\"avia_inline_auto\" id=\"style-css-av-jq7qvnzt-45612d6086295868f6d64b054f3cff00\">\n#top .hr.hr-invisible.av-jq7qvnzt-45612d6086295868f6d64b054f3cff00{\nheight:25px;\n}\n<\/style>\n<div  class='hr av-jq7qvnzt-45612d6086295868f6d64b054f3cff00 hr-invisible  avia-builder-el-26  el_after_av_hr  avia-builder-el-last  av-small-hide av-mini-hide'><span class='hr-inner '><span class=\"hr-inner-style\"><\/span><\/span><\/div>\n\n","protected":false},"excerpt":{"rendered":"","protected":false},"author":1,"featured_media":0,"parent":0,"menu_order":0,"comment_status":"closed","ping_status":"closed","template":"","meta":{"footnotes":""},"class_list":["post-1143","page","type-page","status-publish","hentry"],"_links":{"self":[{"href":"https:\/\/ziegeler-solar.de\/index.php\/wp-json\/wp\/v2\/pages\/1143","targetHints":{"allow":["GET"]}}],"collection":[{"href":"https:\/\/ziegeler-solar.de\/index.php\/wp-json\/wp\/v2\/pages"}],"about":[{"href":"https:\/\/ziegeler-solar.de\/index.php\/wp-json\/wp\/v2\/types\/page"}],"author":[{"embeddable":true,"href":"https:\/\/ziegeler-solar.de\/index.php\/wp-json\/wp\/v2\/users\/1"}],"replies":[{"embeddable":true,"href":"https:\/\/ziegeler-solar.de\/index.php\/wp-json\/wp\/v2\/comments?post=1143"}],"version-history":[{"count":5,"href":"https:\/\/ziegeler-solar.de\/index.php\/wp-json\/wp\/v2\/pages\/1143\/revisions"}],"predecessor-version":[{"id":4014,"href":"https:\/\/ziegeler-solar.de\/index.php\/wp-json\/wp\/v2\/pages\/1143\/revisions\/4014"}],"wp:attachment":[{"href":"https:\/\/ziegeler-solar.de\/index.php\/wp-json\/wp\/v2\/media?parent=1143"}],"curies":[{"name":"wp","href":"https:\/\/api.w.org\/{rel}","templated":true}]}}