{"id":1203,"date":"2018-12-19T10:59:28","date_gmt":"2018-12-19T09:59:28","guid":{"rendered":"http:preview.ziegeler-solar.de\/?page_id=1203"},"modified":"2021-03-19T10:00:05","modified_gmt":"2021-03-19T09:00:05","slug":"brennwertgeraete","status":"publish","type":"page","link":"https:\/\/ziegeler-solar.de\/index.php\/brennwertgeraete\/","title":{"rendered":"Brennwertger\u00e4te"},"content":{"rendered":"\n<style type=\"text\/css\" data-created_by=\"avia_inline_auto\" id=\"style-css-av-jq7vwz88-c68b1597a6aec6a32857fc6c902a2505\">\n.avia-section.av-jq7vwz88-c68b1597a6aec6a32857fc6c902a2505 .av-parallax .av-parallax-inner{\nbackground-repeat:no-repeat;\nbackground-image:url(https:\/\/ziegeler-solar.de\/wp-content\/uploads\/2018\/12\/22212352.jpg);\nbackground-position:50% 50%;\nbackground-attachment:scroll;\n}\n<\/style>\n<div id='av_section_1'  class='avia-section av-jq7vwz88-c68b1597a6aec6a32857fc6c902a2505 main_color avia-section-no-padding avia-no-border-styling  avia-builder-el-0  el_before_av_section  avia-builder-el-first  av-medium-hide av-small-hide av-mini-hide av-parallax-section avia-bg-style-parallax av-minimum-height av-minimum-height-custom av-height-custom  container_wrap fullsize'  data-section-bg-repeat='no-repeat' data-av_minimum_height_px='600'><div class='av-parallax' data-avia-parallax-ratio='0.3' ><div class='av-parallax-inner main_color avia-full-stretch'><\/div><\/div><div class='container av-section-cont-open' style='height:600px'><main  role=\"main\" itemprop=\"mainContentOfPage\"  class='template-page content  av-content-full alpha units'><div class='post-entry post-entry-type-page post-entry-1203'><div class='entry-content-wrapper clearfix'>\n\n<style type=\"text\/css\" data-created_by=\"avia_inline_auto\" id=\"style-css-av-jq7w8ldb-5695a24f80bb93a644df8365d96d63be\">\n#top .hr.hr-invisible.av-jq7w8ldb-5695a24f80bb93a644df8365d96d63be{\nmargin-top:-100px;\nheight:1px;\n}\n<\/style>\n<div  class='hr av-jq7w8ldb-5695a24f80bb93a644df8365d96d63be hr-invisible  avia-builder-el-1  el_before_av_textblock  avia-builder-el-first '><span class='hr-inner '><span class=\"hr-inner-style\"><\/span><\/span><\/div>\n\n<style type=\"text\/css\" data-created_by=\"avia_inline_auto\" id=\"style-css-av-jq7w4hq6-7fbb31e7df6476a2aae4907afb94c698\">\n#top .av_textblock_section.av-jq7w4hq6-7fbb31e7df6476a2aae4907afb94c698 .avia_textblock{\ncolor:#ffffff;\n}\n<\/style>\n<section  class='av_textblock_section av-jq7w4hq6-7fbb31e7df6476a2aae4907afb94c698 '   itemscope=\"itemscope\" itemtype=\"https:\/\/schema.org\/CreativeWork\" ><div class='avia_textblock headingPicture av_inherit_color'  itemprop=\"text\" ><h1>Brennwertger\u00e4te<\/h1>\n<\/div><\/section>\n\n<style type=\"text\/css\" data-created_by=\"avia_inline_auto\" id=\"style-css-av-jq7w4hq6-8b97cfa30aaf10d07640638bd99e90de\">\n#top .av_textblock_section.av-jq7w4hq6-8b97cfa30aaf10d07640638bd99e90de .avia_textblock{\ncolor:#ffffff;\n}\n<\/style>\n<section  class='av_textblock_section av-jq7w4hq6-8b97cfa30aaf10d07640638bd99e90de '   itemscope=\"itemscope\" itemtype=\"https:\/\/schema.org\/CreativeWork\" ><div class='avia_textblock textoverPicture av_inherit_color'  itemprop=\"text\" ><h3>Heizen Sie nachhaltiger mit unseren Partnern<\/h3>\n<\/div><\/section>\n\n<\/div><\/div><\/main><!-- close content main element --><\/div><\/div>\n<style type=\"text\/css\" data-created_by=\"avia_inline_auto\" id=\"style-css-av-jq7vwz88-4f726bbc7694491fda33ebb047d95ebc\">\n.avia-section.av-jq7vwz88-4f726bbc7694491fda33ebb047d95ebc .av-parallax .av-parallax-inner{\nbackground-repeat:no-repeat;\nbackground-image:url(https:\/\/ziegeler-solar.de\/wp-content\/uploads\/2018\/12\/22212352-1030x688.jpg);\nbackground-position:50% 50%;\nbackground-attachment:scroll;\n}\n<\/style>\n<div id='av_section_2'  class='avia-section av-jq7vwz88-4f726bbc7694491fda33ebb047d95ebc main_color avia-section-no-padding avia-no-border-styling  avia-builder-el-4  el_after_av_section  el_before_av_hr  av-desktop-hide av-parallax-section avia-bg-style-parallax av-minimum-height av-minimum-height-50 av-height-50  container_wrap fullsize'  data-section-bg-repeat='no-repeat' data-av_minimum_height_pc='50' data-av_min_height_opt='50'><div class='av-parallax' data-avia-parallax-ratio='0.3' ><div class='av-parallax-inner main_color avia-full-stretch'><\/div><\/div><div class='container av-section-cont-open' ><div class='template-page content  av-content-full alpha units'><div class='post-entry post-entry-type-page post-entry-1203'><div class='entry-content-wrapper clearfix'>\n\n<style type=\"text\/css\" data-created_by=\"avia_inline_auto\" id=\"style-css-av-jq7w4hq6-7fbb31e7df6476a2aae4907afb94c698\">\n#top .av_textblock_section.av-jq7w4hq6-7fbb31e7df6476a2aae4907afb94c698 .avia_textblock{\ncolor:#ffffff;\n}\n<\/style>\n<section  class='av_textblock_section av-jq7w4hq6-7fbb31e7df6476a2aae4907afb94c698 '   itemscope=\"itemscope\" itemtype=\"https:\/\/schema.org\/CreativeWork\" ><div class='avia_textblock headingPicture av_inherit_color'  itemprop=\"text\" ><h2>Brennwertger\u00e4te<\/h2>\n<\/div><\/section>\n\n<style type=\"text\/css\" data-created_by=\"avia_inline_auto\" id=\"style-css-av-jq7w4hq6-8b97cfa30aaf10d07640638bd99e90de\">\n#top .av_textblock_section.av-jq7w4hq6-8b97cfa30aaf10d07640638bd99e90de .avia_textblock{\ncolor:#ffffff;\n}\n<\/style>\n<section  class='av_textblock_section av-jq7w4hq6-8b97cfa30aaf10d07640638bd99e90de '   itemscope=\"itemscope\" itemtype=\"https:\/\/schema.org\/CreativeWork\" ><div class='avia_textblock textoverPicture av_inherit_color'  itemprop=\"text\" ><h3>Heizen Sie nachhaltiger mit unseren Partnern<\/h3>\n<\/div><\/section>\n<\/div><\/div><\/div><!-- close content main div --><\/div><\/div><div id='after_section_2'  class='main_color av_default_container_wrap container_wrap fullsize'  ><div class='container av-section-cont-open' ><div class='template-page content  av-content-full alpha units'><div class='post-entry post-entry-type-page post-entry-1203'><div class='entry-content-wrapper clearfix'>\n\n<style type=\"text\/css\" data-created_by=\"avia_inline_auto\" id=\"style-css-av-jq7rcf3k-e73160b0c4bfbc205fed59aa32dc520b\">\n#top .hr.hr-invisible.av-jq7rcf3k-e73160b0c4bfbc205fed59aa32dc520b{\nheight:100px;\n}\n<\/style>\n<div  class='hr av-jq7rcf3k-e73160b0c4bfbc205fed59aa32dc520b hr-invisible  avia-builder-el-7  el_after_av_section  el_before_av_hr  avia-builder-el-first  av-medium-hide av-small-hide av-mini-hide'><span class='hr-inner '><span class=\"hr-inner-style\"><\/span><\/span><\/div>\n\n<style type=\"text\/css\" data-created_by=\"avia_inline_auto\" id=\"style-css-av-jq7rcf3k-5d2cd65aa0b9da98cc4fae8ebb2b787a\">\n#top .hr.hr-invisible.av-jq7rcf3k-5d2cd65aa0b9da98cc4fae8ebb2b787a{\nheight:25px;\n}\n<\/style>\n<div  class='hr av-jq7rcf3k-5d2cd65aa0b9da98cc4fae8ebb2b787a hr-invisible  avia-builder-el-8  el_after_av_hr  el_before_av_one_full  av-desktop-hide'><span class='hr-inner '><span class=\"hr-inner-style\"><\/span><\/span><\/div>\n\n<style type=\"text\/css\" data-created_by=\"avia_inline_auto\" id=\"style-css-av-9hfwn7-92d624473b8c29fa605352f98e232795\">\n.flex_column.av-9hfwn7-92d624473b8c29fa605352f98e232795{\nborder-radius:0px 0px 0px 0px;\npadding:0px 0px 0px 0px;\n}\n<\/style>\n<div  class='flex_column av-9hfwn7-92d624473b8c29fa605352f98e232795 av_one_full  avia-builder-el-9  el_after_av_hr  el_before_av_hr  first flex_column_div av-zero-column-padding  '     ><p>\n<style type=\"text\/css\" data-created_by=\"avia_inline_auto\" id=\"style-css-av-jqp8388h-a84690cd512860648f85e6e04189418c\">\n#top .av-special-heading.av-jqp8388h-a84690cd512860648f85e6e04189418c{\npadding-bottom:10px;\n}\nbody .av-special-heading.av-jqp8388h-a84690cd512860648f85e6e04189418c .av-special-heading-tag .heading-char{\nfont-size:25px;\n}\n.av-special-heading.av-jqp8388h-a84690cd512860648f85e6e04189418c .av-subheading{\nfont-size:15px;\n}\n<\/style>\n<div  class='av-special-heading av-jqp8388h-a84690cd512860648f85e6e04189418c av-special-heading-h1 blockquote modern-quote  avia-builder-el-10  el_before_av_heading  avia-builder-el-first  av-small-hide av-mini-hide'><h1 class='av-special-heading-tag '  itemprop=\"headline\"  >Brennwertger\u00e4te<\/h1><div class=\"special-heading-border\"><div class=\"special-heading-inner-border\"><\/div><\/div><\/div><br \/>\n\n<style type=\"text\/css\" data-created_by=\"avia_inline_auto\" id=\"style-css-av-jqp83dnq-3a713004894ad8e8ff01927b8f9aa71d\">\n#top .av-special-heading.av-jqp83dnq-3a713004894ad8e8ff01927b8f9aa71d{\npadding-bottom:10px;\n}\nbody .av-special-heading.av-jqp83dnq-3a713004894ad8e8ff01927b8f9aa71d .av-special-heading-tag .heading-char{\nfont-size:25px;\n}\n.av-special-heading.av-jqp83dnq-3a713004894ad8e8ff01927b8f9aa71d .av-subheading{\nfont-size:15px;\n}\n<\/style>\n<div  class='av-special-heading av-jqp83dnq-3a713004894ad8e8ff01927b8f9aa71d av-special-heading-h2 blockquote modern-quote  avia-builder-el-11  el_after_av_heading  avia-builder-el-last  av-desktop-hide av-medium-hide'><h2 class='av-special-heading-tag '  itemprop=\"headline\"  >Brennwertger\u00e4te<\/h2><div class=\"special-heading-border\"><div class=\"special-heading-inner-border\"><\/div><\/div><\/div><\/p><\/div>\n\n<style type=\"text\/css\" data-created_by=\"avia_inline_auto\" id=\"style-css-av-jq7rcj9j-d9058643c7bbd0f8f9f34c3e1c27b347\">\n#top .hr.hr-invisible.av-jq7rcj9j-d9058643c7bbd0f8f9f34c3e1c27b347{\nheight:50px;\n}\n<\/style>\n<div  class='hr av-jq7rcj9j-d9058643c7bbd0f8f9f34c3e1c27b347 hr-invisible  avia-builder-el-12  el_after_av_one_full  el_before_av_two_third  av-medium-hide av-small-hide av-mini-hide'><span class='hr-inner '><span class=\"hr-inner-style\"><\/span><\/span><\/div>\n\n<style type=\"text\/css\" data-created_by=\"avia_inline_auto\" id=\"style-css-av-7lnx4z-9bd77703ae9551116f58ab2890ec2204\">\n.flex_column.av-7lnx4z-9bd77703ae9551116f58ab2890ec2204{\nborder-radius:0px 0px 0px 0px;\npadding:0px 0px 0px 0px;\n}\n<\/style>\n<div  class='flex_column av-7lnx4z-9bd77703ae9551116f58ab2890ec2204 av_two_third  avia-builder-el-13  el_after_av_hr  el_before_av_hr  first av-break-at-tablet flex_column_div av-zero-column-padding  '     ><section  class='av_textblock_section av-jq7rdtqw-29cd6e21dc0008e34b7d5c68830ae807 '   itemscope=\"itemscope\" itemtype=\"https:\/\/schema.org\/CreativeWork\" ><div class='avia_textblock'  itemprop=\"text\" ><h3>Nachhaltiger heizen<\/h3>\n<p>Bei einem Brennwertger\u00e4t handelt es sich um eine Heizung, die Ihre Ressourcen deutlich besser zu nutzen wei\u00df. Sie sind dadurch sehr effizient und auch platzsparend. Sparen Sie jetzt mit den Brennwertger\u00e4ten unserer vertrauensw\u00fcrdigen Partner.<\/p>\n<\/div><\/section><\/div>\n\n<style type=\"text\/css\" data-created_by=\"avia_inline_auto\" id=\"style-css-av-jq7rcj9j-2c42ebdd63ecee0d7c42eee6d46a0f1d\">\n#top .hr.hr-invisible.av-jq7rcj9j-2c42ebdd63ecee0d7c42eee6d46a0f1d{\nheight:75px;\n}\n<\/style>\n<div  class='hr av-jq7rcj9j-2c42ebdd63ecee0d7c42eee6d46a0f1d hr-invisible  avia-builder-el-15  el_after_av_two_third  el_before_av_one_third '><span class='hr-inner '><span class=\"hr-inner-style\"><\/span><\/span><\/div>\n\n<style type=\"text\/css\" data-created_by=\"avia_inline_auto\" id=\"style-css-av-69d8jn-0d6aeaff13f56080d52188c5c751ae62\">\n.flex_column.av-69d8jn-0d6aeaff13f56080d52188c5c751ae62{\nborder-radius:0px 0px 0px 0px;\npadding:0px 0px 0px 0px;\n}\n<\/style>\n<div  class='flex_column av-69d8jn-0d6aeaff13f56080d52188c5c751ae62 av_one_third  avia-builder-el-16  el_after_av_hr  el_before_av_one_third  first av-break-at-tablet flex_column_div av-zero-column-padding  '     ><style type=\"text\/css\" data-created_by=\"avia_inline_auto\" id=\"style-css-av-jpv86pwb-046ac846d36597a93edd680912501c04\">\n#top .avia-icon-list-container.av-jpv86pwb-046ac846d36597a93edd680912501c04 .iconlist_icon{\nbackground-color:#ffd600;\n}\n#top #wrap_all .avia-icon-list-container.av-jpv86pwb-046ac846d36597a93edd680912501c04 .av_iconlist_title{\nfont-size:16px;\n}\n<\/style>\n<div  class='avia-icon-list-container av-jpv86pwb-046ac846d36597a93edd680912501c04  avia-builder-el-17  avia-builder-el-no-sibling '><ul class='avia-icon-list avia_animate_when_almost_visible avia-icon-list-left av-iconlist-big av-jpv86pwb-046ac846d36597a93edd680912501c04 avia-iconlist-animate'>\n<li><div class='iconlist_icon av-2zzucj-f8ae5e59c930c40701bfff440e2f8ea4 avia-font-entypo-fontello avia-iconfont avia-font-entypo-fontello'><span class='av-icon-char' data-av_icon='\ue844' data-av_iconfont='entypo-fontello' aria-hidden=\"true\"><\/span><\/div><article class=\"article-icon-entry \"  itemscope=\"itemscope\" itemtype=\"https:\/\/schema.org\/CreativeWork\" ><div class=\"iconlist_content_wrap\"><header class=\"entry-content-header\" aria-label=\"Icon: &lt;span style=&quot;text-transform: none;&quot;&gt;Brennwertger\u00e4te&lt;\/span&gt;\"><h4 class='av_iconlist_title iconlist_title  '  itemprop=\"headline\" ><span style=\"text-transform: none;\">Brennwertger\u00e4te<\/span><\/h4><\/header><div class='iconlist_content '  itemprop=\"text\" ><p>Ein Brennwertger\u00e4t nutzt seine Brennstoffe besser als eine Heizung. So entstehen niedrige Kosten f\u00fcr Warmwasser und das Heizen von R\u00e4umen.<\/p>\n<\/div><\/div><footer class=\"entry-footer\"><\/footer><\/article><div class=\"iconlist-timeline\"><\/div><\/li>\n<li><div class='iconlist_icon av-a6wehg-a018b7670651086a96d77bd7f79963dd avia-font-entypo-fontello avia-iconfont avia-font-entypo-fontello'><span class='av-icon-char' data-av_icon='\ue8c7' data-av_iconfont='entypo-fontello' aria-hidden=\"true\"><\/span><\/div><article class=\"article-icon-entry \"  itemscope=\"itemscope\" itemtype=\"https:\/\/schema.org\/CreativeWork\" ><div class=\"iconlist_content_wrap\"><header class=\"entry-content-header\" aria-label=\"Icon: &lt;span style=&quot;text-transform: none;&quot;&gt;Kalkulierter Ertrag&lt;\/span&gt;\"><h4 class='av_iconlist_title iconlist_title  '  itemprop=\"headline\" ><span style=\"text-transform: none;\">Kalkulierter Ertrag<\/span><\/h4><\/header><div class='iconlist_content '  itemprop=\"text\" ><p>Ihre bisherigen Stromabrechnungen dienen der optimalen Ermittlung Ihres Bedarfs.<\/p>\n<\/div><\/div><footer class=\"entry-footer\"><\/footer><\/article><div class=\"iconlist-timeline\"><\/div><\/li>\n<\/ul><\/div><\/div>\n\n<style type=\"text\/css\" data-created_by=\"avia_inline_auto\" id=\"style-css-av-x1l0k-f520041583967fa9ad7a9367da71c995\">\n.flex_column.av-x1l0k-f520041583967fa9ad7a9367da71c995{\nborder-radius:0px 0px 0px 0px;\npadding:0px 0px 0px 0px;\n}\n<\/style>\n<div  class='flex_column av-x1l0k-f520041583967fa9ad7a9367da71c995 av_one_third  avia-builder-el-18  el_after_av_one_third  el_before_av_one_third  av-break-at-tablet flex_column_div av-zero-column-padding  '     ><style type=\"text\/css\" data-created_by=\"avia_inline_auto\" id=\"style-css-av-jpv86pwb-046ac846d36597a93edd680912501c04\">\n#top .avia-icon-list-container.av-jpv86pwb-046ac846d36597a93edd680912501c04 .iconlist_icon{\nbackground-color:#ffd600;\n}\n#top #wrap_all .avia-icon-list-container.av-jpv86pwb-046ac846d36597a93edd680912501c04 .av_iconlist_title{\nfont-size:16px;\n}\n<\/style>\n<div  class='avia-icon-list-container av-jpv86pwb-046ac846d36597a93edd680912501c04  avia-builder-el-19  avia-builder-el-no-sibling '><ul class='avia-icon-list avia_animate_when_almost_visible avia-icon-list-left av-iconlist-big av-jpv86pwb-046ac846d36597a93edd680912501c04 avia-iconlist-animate'>\n<li><div class='iconlist_icon av-56upfo-3b7699e51e97df13f2ede0f19322e6ba avia-font-entypo-fontello avia-iconfont avia-font-entypo-fontello'><span class='av-icon-char' data-av_icon='\ue821' data-av_iconfont='entypo-fontello' aria-hidden=\"true\"><\/span><\/div><article class=\"article-icon-entry \"  itemscope=\"itemscope\" itemtype=\"https:\/\/schema.org\/CreativeWork\" ><div class=\"iconlist_content_wrap\"><header class=\"entry-content-header\" aria-label=\"Icon: &lt;span style=&quot;text-transform: none;&quot;&gt;Voraussetzungen&lt;\/span&gt;\"><h4 class='av_iconlist_title iconlist_title  '  itemprop=\"headline\" ><span style=\"text-transform: none;\">Voraussetzungen<\/span><\/h4><\/header><div class='iconlist_content '  itemprop=\"text\" ><p>In einem pers\u00f6nlichen Beratungsgespr\u00e4ch kl\u00e4ren wir ausf\u00fchrlich Ihre individuellen Voraussetzungen.<\/p>\n<\/div><\/div><footer class=\"entry-footer\"><\/footer><\/article><div class=\"iconlist-timeline\"><\/div><\/li>\n<li><div class='iconlist_icon av-gey2r-5f0abe303282ad47454782dffdc339c1 avia-font-entypo-fontello avia-iconfont avia-font-entypo-fontello'><span class='av-icon-char' data-av_icon='\ue8dd' data-av_iconfont='entypo-fontello' aria-hidden=\"true\"><\/span><\/div><article class=\"article-icon-entry \"  itemscope=\"itemscope\" itemtype=\"https:\/\/schema.org\/CreativeWork\" ><div class=\"iconlist_content_wrap\"><header class=\"entry-content-header\" aria-label=\"Icon: &lt;span style=&quot;text-transform: none;&quot;&gt;F\u00f6rderung&lt;\/span&gt;\"><h4 class='av_iconlist_title iconlist_title  '  itemprop=\"headline\" ><span style=\"text-transform: none;\">F\u00f6rderung<\/span><\/h4><\/header><div class='iconlist_content '  itemprop=\"text\" ><p>F\u00f6rderbedingungen und Konditionen erfahren Sie bei uns oder beim <a href=\"http:\/\/www.bafa.de\/BfEE\/DE\/Foerderung\/foerderung_node.html\">Bundesamt f\u00fcr Wirtschaft und Ausfuhrkontrolle<\/a> (BAFA).<\/p>\n<\/div><\/div><footer class=\"entry-footer\"><\/footer><\/article><div class=\"iconlist-timeline\"><\/div><\/li>\n<\/ul><\/div><\/div>\n\n<style type=\"text\/css\" data-created_by=\"avia_inline_auto\" id=\"style-css-av-x1l0k-f520041583967fa9ad7a9367da71c995\">\n.flex_column.av-x1l0k-f520041583967fa9ad7a9367da71c995{\nborder-radius:0px 0px 0px 0px;\npadding:0px 0px 0px 0px;\n}\n<\/style>\n<div  class='flex_column av-x1l0k-f520041583967fa9ad7a9367da71c995 av_one_third  avia-builder-el-20  el_after_av_one_third  el_before_av_hr  av-break-at-tablet flex_column_div av-zero-column-padding  '     ><style type=\"text\/css\" data-created_by=\"avia_inline_auto\" id=\"style-css-av-jpv86pwb-046ac846d36597a93edd680912501c04\">\n#top .avia-icon-list-container.av-jpv86pwb-046ac846d36597a93edd680912501c04 .iconlist_icon{\nbackground-color:#ffd600;\n}\n#top #wrap_all .avia-icon-list-container.av-jpv86pwb-046ac846d36597a93edd680912501c04 .av_iconlist_title{\nfont-size:16px;\n}\n<\/style>\n<div  class='avia-icon-list-container av-jpv86pwb-046ac846d36597a93edd680912501c04  avia-builder-el-21  avia-builder-el-no-sibling '><ul class='avia-icon-list avia_animate_when_almost_visible avia-icon-list-left av-iconlist-big av-jpv86pwb-046ac846d36597a93edd680912501c04 avia-iconlist-animate'>\n<li><div class='iconlist_icon av-4f1rhg-a58eb76c5cce4c26d68bc0a0521a23dc avia-font-entypo-fontello avia-iconfont avia-font-entypo-fontello'><span class='av-icon-char' data-av_icon='\ue896' data-av_iconfont='entypo-fontello' aria-hidden=\"true\"><\/span><\/div><article class=\"article-icon-entry \"  itemscope=\"itemscope\" itemtype=\"https:\/\/schema.org\/CreativeWork\" ><div class=\"iconlist_content_wrap\"><header class=\"entry-content-header\" aria-label=\"Icon: &lt;span style=&quot;text-transform: none;&quot;&gt;Eigenbedarf &amp; Verkauf&lt;\/span&gt;\"><h4 class='av_iconlist_title iconlist_title  '  itemprop=\"headline\" ><span style=\"text-transform: none;\">Eigenbedarf & Verkauf<\/span><\/h4><\/header><div class='iconlist_content '  itemprop=\"text\" ><p>Dieser berechnet sich auf Basis Ihres Energieverbrauchs.<\/p>\n<\/div><\/div><footer class=\"entry-footer\"><\/footer><\/article><div class=\"iconlist-timeline\"><\/div><\/li>\n<li><div class='iconlist_icon av-3atxk3-8701d3aefd804eeb16f439013f345ab9 avia-font-entypo-fontello avia-iconfont avia-font-entypo-fontello'><span class='av-icon-char' data-av_icon='\ue8cf' data-av_iconfont='entypo-fontello' aria-hidden=\"true\"><\/span><\/div><article class=\"article-icon-entry \"  itemscope=\"itemscope\" itemtype=\"https:\/\/schema.org\/CreativeWork\" ><div class=\"iconlist_content_wrap\"><header class=\"entry-content-header\" aria-label=\"Icon: &lt;span style=&quot;text-transform: none;&quot;&gt;Finanzierung&lt;\/span&gt;\"><h4 class='av_iconlist_title iconlist_title  '  itemprop=\"headline\" ><span style=\"text-transform: none;\">Finanzierung<\/span><\/h4><\/header><div class='iconlist_content '  itemprop=\"text\" ><p>Die aktuellen M\u00f6glichkeiten zur Finanzierung Ihres Projektes erfahren Sie bei uns im Gespr\u00e4ch.<\/p>\n<\/div><\/div><footer class=\"entry-footer\"><\/footer><\/article><div class=\"iconlist-timeline\"><\/div><\/li>\n<\/ul><\/div><\/div>\n\n<style type=\"text\/css\" data-created_by=\"avia_inline_auto\" id=\"style-css-av-jq7rcj9j-c92386bad0b1949ebcf3e50afc89a083\">\n#top .hr.hr-invisible.av-jq7rcj9j-c92386bad0b1949ebcf3e50afc89a083{\nheight:75px;\n}\n<\/style>\n<div  class='hr av-jq7rcj9j-c92386bad0b1949ebcf3e50afc89a083 hr-invisible  avia-builder-el-22  el_after_av_one_third  el_before_av_hr  av-medium-hide av-small-hide av-mini-hide'><span class='hr-inner '><span class=\"hr-inner-style\"><\/span><\/span><\/div>\n\n<style type=\"text\/css\" data-created_by=\"avia_inline_auto\" id=\"style-css-av-jq7rcj9j-04507dd4180266247475de49fcae3a4d\">\n#top .hr.hr-invisible.av-jq7rcj9j-04507dd4180266247475de49fcae3a4d{\nheight:10px;\n}\n<\/style>\n<div  class='hr av-jq7rcj9j-04507dd4180266247475de49fcae3a4d hr-invisible  avia-builder-el-23  el_after_av_hr  el_before_av_section  avia-builder-el-last  av-desktop-hide av-small-hide av-mini-hide'><span class='hr-inner '><span class=\"hr-inner-style\"><\/span><\/span><\/div>\n<\/div><\/div><\/div><!-- close content main div --><\/div><\/div>\n<style type=\"text\/css\" data-created_by=\"avia_inline_auto\" id=\"style-css-av-jq7rgq1r-e065f3be917a852684b69b1595522eff\">\n.avia-section.av-jq7rgq1r-e065f3be917a852684b69b1595522eff{\nbackground-color:#ededed;\nbackground-image:unset;\n}\n<\/style>\n<div id='av_section_3'  class='avia-section av-jq7rgq1r-e065f3be917a852684b69b1595522eff main_color avia-section-no-padding avia-no-border-styling  avia-builder-el-24  el_after_av_hr  avia-builder-el-last  avia-bg-style-scroll container_wrap fullsize'  ><div class='container av-section-cont-open' ><div class='template-page content  av-content-full alpha units'><div class='post-entry post-entry-type-page post-entry-1203'><div class='entry-content-wrapper clearfix'>\n\n<style type=\"text\/css\" data-created_by=\"avia_inline_auto\" id=\"style-css-av-jq7rcj9j-6eae829e3e652b66a3a11ccd772b36ee\">\n#top .hr.hr-invisible.av-jq7rcj9j-6eae829e3e652b66a3a11ccd772b36ee{\nheight:50px;\n}\n<\/style>\n<div  class='hr av-jq7rcj9j-6eae829e3e652b66a3a11ccd772b36ee hr-invisible  avia-builder-el-25  el_before_av_one_third  avia-builder-el-first '><span class='hr-inner '><span class=\"hr-inner-style\"><\/span><\/span><\/div>\n\n<style type=\"text\/css\" data-created_by=\"avia_inline_auto\" id=\"style-css-av-bmenn-1bdbcf3fa79a2c3c78bc3d0a8755396b\">\n.flex_column.av-bmenn-1bdbcf3fa79a2c3c78bc3d0a8755396b{\nborder-radius:0px 0px 0px 0px;\npadding:0px 0px 0px 0px;\n}\n<\/style>\n<div  class='flex_column av-bmenn-1bdbcf3fa79a2c3c78bc3d0a8755396b av_one_third  avia-builder-el-26  el_after_av_hr  el_before_av_hr  first flex_column_div av-zero-column-padding  '     ><section  class='av_textblock_section av-jq7rdtqw-29cd6e21dc0008e34b7d5c68830ae807 '   itemscope=\"itemscope\" itemtype=\"https:\/\/schema.org\/CreativeWork\" ><div class='avia_textblock'  itemprop=\"text\" ><h3>Warum auf ein Brennwertger\u00e4t umsteigen?<\/h3>\n<p>Bei der Abk\u00fchlung von Wasserdampf in den fl\u00fcssigen Aggregatzustand entsteht zus\u00e4tzliche W\u00e4rme f\u00fcr die Heizung. Bei gew\u00f6hnlichen Heizsystemen bleibt diese Energie ungenutzt und geht somit verloren. Das macht unsere Brennwertger\u00e4te besonders klimaschonend. Gleichzeitig sind auch Kombinationen mit erneuerbaren Energien m\u00f6glich.<\/p>\n<\/div><\/section><\/div>\n<style type=\"text\/css\" data-created_by=\"avia_inline_auto\" id=\"style-css-av-jq7rcj9j-b30c75a263eebbfefca1ee42fb40a147\">\n#top .hr.hr-invisible.av-jq7rcj9j-b30c75a263eebbfefca1ee42fb40a147{\nheight:25px;\n}\n<\/style>\n<div  class='hr av-jq7rcj9j-b30c75a263eebbfefca1ee42fb40a147 hr-invisible  avia-builder-el-28  el_after_av_one_third  avia-builder-el-last  av-small-hide av-mini-hide'><span class='hr-inner '><span class=\"hr-inner-style\"><\/span><\/span><\/div>\n\n","protected":false},"excerpt":{"rendered":"","protected":false},"author":1,"featured_media":0,"parent":0,"menu_order":0,"comment_status":"closed","ping_status":"closed","template":"","meta":{"footnotes":""},"class_list":["post-1203","page","type-page","status-publish","hentry"],"_links":{"self":[{"href":"https:\/\/ziegeler-solar.de\/index.php\/wp-json\/wp\/v2\/pages\/1203","targetHints":{"allow":["GET"]}}],"collection":[{"href":"https:\/\/ziegeler-solar.de\/index.php\/wp-json\/wp\/v2\/pages"}],"about":[{"href":"https:\/\/ziegeler-solar.de\/index.php\/wp-json\/wp\/v2\/types\/page"}],"author":[{"embeddable":true,"href":"https:\/\/ziegeler-solar.de\/index.php\/wp-json\/wp\/v2\/users\/1"}],"replies":[{"embeddable":true,"href":"https:\/\/ziegeler-solar.de\/index.php\/wp-json\/wp\/v2\/comments?post=1203"}],"version-history":[{"count":3,"href":"https:\/\/ziegeler-solar.de\/index.php\/wp-json\/wp\/v2\/pages\/1203\/revisions"}],"predecessor-version":[{"id":3751,"href":"https:\/\/ziegeler-solar.de\/index.php\/wp-json\/wp\/v2\/pages\/1203\/revisions\/3751"}],"wp:attachment":[{"href":"https:\/\/ziegeler-solar.de\/index.php\/wp-json\/wp\/v2\/media?parent=1203"}],"curies":[{"name":"wp","href":"https:\/\/api.w.org\/{rel}","templated":true}]}}