{"id":1222,"date":"2018-12-19T11:13:36","date_gmt":"2018-12-19T10:13:36","guid":{"rendered":"http:preview.ziegeler-solar.de\/?page_id=1222"},"modified":"2025-05-09T11:15:08","modified_gmt":"2025-05-09T09:15:08","slug":"waermepumpe","status":"publish","type":"page","link":"https:\/\/ziegeler-solar.de\/index.php\/waermepumpe\/","title":{"rendered":"W\u00e4rmepumpe"},"content":{"rendered":"\n<style type=\"text\/css\" data-created_by=\"avia_inline_auto\" id=\"style-css-av-jq7vwz88-aad56cf59c228997e77f784e69b52488\">\n.avia-section.av-jq7vwz88-aad56cf59c228997e77f784e69b52488 .av-parallax .av-parallax-inner{\nbackground-repeat:no-repeat;\nbackground-image:url(https:\/\/ziegeler-solar.de\/wp-content\/uploads\/2024\/08\/Waermepumpe_2000x1200px-300x180.jpg);\nbackground-position:50% 50%;\nbackground-attachment:scroll;\n}\n<\/style>\n<div id='av_section_1'  class='avia-section av-jq7vwz88-aad56cf59c228997e77f784e69b52488 main_color avia-section-no-padding avia-no-border-styling  avia-builder-el-0  el_before_av_hr  avia-builder-el-first  av-parallax-section avia-bg-style-parallax av-minimum-height av-minimum-height-50 av-height-50  container_wrap fullsize'  data-section-bg-repeat='no-repeat' data-av_minimum_height_pc='50' data-av_min_height_opt='50'><div class='av-parallax' data-avia-parallax-ratio='0.3' ><div class='av-parallax-inner main_color avia-full-stretch'><\/div><\/div><div class='container av-section-cont-open' ><main  role=\"main\" itemprop=\"mainContentOfPage\"  class='template-page content  av-content-full alpha units'><div class='post-entry post-entry-type-page post-entry-1222'><div class='entry-content-wrapper clearfix'>\n\n<style type=\"text\/css\" data-created_by=\"avia_inline_auto\" id=\"style-css-av-jq7w8ldb-5695a24f80bb93a644df8365d96d63be\">\n#top .hr.hr-invisible.av-jq7w8ldb-5695a24f80bb93a644df8365d96d63be{\nmargin-top:-100px;\nheight:1px;\n}\n<\/style>\n<div  class='hr av-jq7w8ldb-5695a24f80bb93a644df8365d96d63be hr-invisible  avia-builder-el-1  el_before_av_textblock  avia-builder-el-first '><span class='hr-inner '><span class=\"hr-inner-style\"><\/span><\/span><\/div>\n\n<style type=\"text\/css\" data-created_by=\"avia_inline_auto\" id=\"style-css-av-jq7w4hq6-7fbb31e7df6476a2aae4907afb94c698\">\n#top .av_textblock_section.av-jq7w4hq6-7fbb31e7df6476a2aae4907afb94c698 .avia_textblock{\ncolor:#ffffff;\n}\n<\/style>\n<section  class='av_textblock_section av-jq7w4hq6-7fbb31e7df6476a2aae4907afb94c698 '   itemscope=\"itemscope\" itemtype=\"https:\/\/schema.org\/CreativeWork\" ><div class='avia_textblock headingPicture av_inherit_color'  itemprop=\"text\" ><h1>W\u00e4rmepumpe<\/h1>\n<\/div><\/section>\n\n<style type=\"text\/css\" data-created_by=\"avia_inline_auto\" id=\"style-css-av-jq7w4hq6-8b97cfa30aaf10d07640638bd99e90de\">\n#top .av_textblock_section.av-jq7w4hq6-8b97cfa30aaf10d07640638bd99e90de .avia_textblock{\ncolor:#ffffff;\n}\n<\/style>\n<section  class='av_textblock_section av-jq7w4hq6-8b97cfa30aaf10d07640638bd99e90de '   itemscope=\"itemscope\" itemtype=\"https:\/\/schema.org\/CreativeWork\" ><div class='avia_textblock textoverPicture av_inherit_color'  itemprop=\"text\" ><h3>Egal, ob Neubau oder Bestand &#8211; wir machen das<\/h3>\n<\/div><\/section>\n<\/div><\/div><\/main><!-- close content main element --><\/div><\/div><div id='after_section_1'  class='main_color av_default_container_wrap container_wrap fullsize'  ><div class='container av-section-cont-open' ><div class='template-page content  av-content-full alpha units'><div class='post-entry post-entry-type-page post-entry-1222'><div class='entry-content-wrapper clearfix'>\n\n<style type=\"text\/css\" data-created_by=\"avia_inline_auto\" id=\"style-css-av-jq7oolop-7f47a67469626b94bce7bf3a7d571f5b\">\n#top .hr.hr-invisible.av-jq7oolop-7f47a67469626b94bce7bf3a7d571f5b{\nheight:100px;\n}\n<\/style>\n<div  class='hr av-jq7oolop-7f47a67469626b94bce7bf3a7d571f5b hr-invisible  avia-builder-el-4  el_after_av_section  el_before_av_hr  avia-builder-el-first  av-medium-hide av-small-hide av-mini-hide'><span class='hr-inner '><span class=\"hr-inner-style\"><\/span><\/span><\/div>\n\n<style type=\"text\/css\" data-created_by=\"avia_inline_auto\" id=\"style-css-av-jq7oolop-4c1a133ffafa00ecc8b80bc11c026ba6\">\n#top .hr.hr-invisible.av-jq7oolop-4c1a133ffafa00ecc8b80bc11c026ba6{\nheight:25px;\n}\n<\/style>\n<div  class='hr av-jq7oolop-4c1a133ffafa00ecc8b80bc11c026ba6 hr-invisible  avia-builder-el-5  el_after_av_hr  el_before_av_one_full  av-desktop-hide'><span class='hr-inner '><span class=\"hr-inner-style\"><\/span><\/span><\/div>\n\n<style type=\"text\/css\" data-created_by=\"avia_inline_auto\" id=\"style-css-av-czx0p2-3bfc22bcb62fc8e48ef7b7a798e144e7\">\n.flex_column.av-czx0p2-3bfc22bcb62fc8e48ef7b7a798e144e7{\nborder-radius:0px 0px 0px 0px;\npadding:0px 0px 0px 0px;\n}\n<\/style>\n<div  class='flex_column av-czx0p2-3bfc22bcb62fc8e48ef7b7a798e144e7 av_one_full  avia-builder-el-6  el_after_av_hr  el_before_av_hr  first flex_column_div av-zero-column-padding  '     ><p>\n<style type=\"text\/css\" data-created_by=\"avia_inline_auto\" id=\"style-css-av-jqp8ag7u-819466abf138a24625c6a64e8040caf7\">\n#top .av-special-heading.av-jqp8ag7u-819466abf138a24625c6a64e8040caf7{\npadding-bottom:10px;\ncolor:#ffd600;\n}\nbody .av-special-heading.av-jqp8ag7u-819466abf138a24625c6a64e8040caf7 .av-special-heading-tag .heading-char{\nfont-size:25px;\n}\n.av-special-heading.av-jqp8ag7u-819466abf138a24625c6a64e8040caf7 .special-heading-inner-border{\nborder-color:#ffd600;\n}\n.av-special-heading.av-jqp8ag7u-819466abf138a24625c6a64e8040caf7 .av-subheading{\nfont-size:15px;\n}\n<\/style>\n<div  class='av-special-heading av-jqp8ag7u-819466abf138a24625c6a64e8040caf7 av-special-heading-h1 custom-color-heading blockquote modern-quote  avia-builder-el-7  el_before_av_heading  avia-builder-el-first  av-small-hide av-mini-hide'><h1 class='av-special-heading-tag '  itemprop=\"headline\"  >W\u00e4rmepumpe<\/h1><div class=\"special-heading-border\"><div class=\"special-heading-inner-border\"><\/div><\/div><\/div><br \/>\n\n<style type=\"text\/css\" data-created_by=\"avia_inline_auto\" id=\"style-css-av-jqp8amc7-40c6dce9466bf7c9efc52a6b90e6bf9b\">\n#top .av-special-heading.av-jqp8amc7-40c6dce9466bf7c9efc52a6b90e6bf9b{\npadding-bottom:10px;\ncolor:#ffd600;\n}\nbody .av-special-heading.av-jqp8amc7-40c6dce9466bf7c9efc52a6b90e6bf9b .av-special-heading-tag .heading-char{\nfont-size:25px;\n}\n.av-special-heading.av-jqp8amc7-40c6dce9466bf7c9efc52a6b90e6bf9b .special-heading-inner-border{\nborder-color:#ffd600;\n}\n.av-special-heading.av-jqp8amc7-40c6dce9466bf7c9efc52a6b90e6bf9b .av-subheading{\nfont-size:15px;\n}\n<\/style>\n<div  class='av-special-heading av-jqp8amc7-40c6dce9466bf7c9efc52a6b90e6bf9b av-special-heading-h2 custom-color-heading blockquote modern-quote  avia-builder-el-8  el_after_av_heading  avia-builder-el-last  av-desktop-hide av-medium-hide'><h2 class='av-special-heading-tag '  itemprop=\"headline\"  >W\u00e4rmepumpe<\/h2><div class=\"special-heading-border\"><div class=\"special-heading-inner-border\"><\/div><\/div><\/div><\/p><\/div>\n\n<style type=\"text\/css\" data-created_by=\"avia_inline_auto\" id=\"style-css-av-jq7oolop-fc8189acd216a33a513667037debd529\">\n#top .hr.hr-invisible.av-jq7oolop-fc8189acd216a33a513667037debd529{\nheight:50px;\n}\n<\/style>\n<div  class='hr av-jq7oolop-fc8189acd216a33a513667037debd529 hr-invisible  avia-builder-el-9  el_after_av_one_full  el_before_av_two_third  av-medium-hide av-small-hide av-mini-hide'><span class='hr-inner '><span class=\"hr-inner-style\"><\/span><\/span><\/div>\n\n<style type=\"text\/css\" data-created_by=\"avia_inline_auto\" id=\"style-css-av-15a0ba-f2019a4e28cc08523c9659548a8dd392\">\n.flex_column.av-15a0ba-f2019a4e28cc08523c9659548a8dd392{\nborder-radius:0px 0px 0px 0px;\npadding:0px 0px 0px 0px;\n}\n<\/style>\n<div  class='flex_column av-15a0ba-f2019a4e28cc08523c9659548a8dd392 av_two_third  avia-builder-el-10  el_after_av_hr  el_before_av_hr  first av-break-at-tablet flex_column_div av-zero-column-padding  '     ><section  class='av_textblock_section av-jq7ot5cw-908d2749ae161087064697175e5aa271 '   itemscope=\"itemscope\" itemtype=\"https:\/\/schema.org\/CreativeWork\" ><div class='avia_textblock'  itemprop=\"text\" ><h3>Wir arbeiten mit den besten Partnern f\u00fcr Heizsysteme und W\u00e4rmepumpen zusammen<\/h3>\n<p>W\u00e4rmepumpen nutzen die Energie aus ihrem direkten Umfeld. Sie erhitzen ein bestimmtes K\u00e4ltemittel bis ein Gas entsteht. Dieses wird verdichtet und erzeugt so die ben\u00f6tigte Temperatur f\u00fcr Ihre W\u00e4rmepumpe. So gelangt die W\u00e4rmeenergie direkt in Ihr Haus, wo sie gebraucht wird.<\/p>\n<p>Solvis, Bosch, und Samsung: Mit den Produkten dieser Hersteller erzielen wir die besten Ergebnisse f\u00fcr Sie.<\/p>\n<\/div><\/section><\/div>\n<style type=\"text\/css\" data-created_by=\"avia_inline_auto\" id=\"style-css-av-jq7oolop-f9653fc6cbd2e69396e15864a6e1e80a\">\n#top .hr.hr-invisible.av-jq7oolop-f9653fc6cbd2e69396e15864a6e1e80a{\nheight:75px;\n}\n<\/style>\n<div  class='hr av-jq7oolop-f9653fc6cbd2e69396e15864a6e1e80a hr-invisible  avia-builder-el-12  el_after_av_two_third  el_before_av_one_third '><span class='hr-inner '><span class=\"hr-inner-style\"><\/span><\/span><\/div><\/p>\n\n<style type=\"text\/css\" data-created_by=\"avia_inline_auto\" id=\"style-css-av-9g3w9i-b46c57800918ef9820ad79f0b7e16e99\">\n.flex_column.av-9g3w9i-b46c57800918ef9820ad79f0b7e16e99{\nborder-radius:0px 0px 0px 0px;\npadding:0px 0px 0px 0px;\n}\n<\/style>\n<div  class='flex_column av-9g3w9i-b46c57800918ef9820ad79f0b7e16e99 av_one_third  avia-builder-el-13  el_after_av_hr  el_before_av_one_third  first av-break-at-tablet flex_column_div av-zero-column-padding  '     ><style type=\"text\/css\" data-created_by=\"avia_inline_auto\" id=\"style-css-av-jpv86pwb-046ac846d36597a93edd680912501c04\">\n#top .avia-icon-list-container.av-jpv86pwb-046ac846d36597a93edd680912501c04 .iconlist_icon{\nbackground-color:#ffd600;\n}\n#top #wrap_all .avia-icon-list-container.av-jpv86pwb-046ac846d36597a93edd680912501c04 .av_iconlist_title{\nfont-size:16px;\n}\n<\/style>\n<div  class='avia-icon-list-container av-jpv86pwb-046ac846d36597a93edd680912501c04  avia-builder-el-14  avia-builder-el-no-sibling '><ul class='avia-icon-list avia_animate_when_almost_visible avia-icon-list-left av-iconlist-big av-jpv86pwb-046ac846d36597a93edd680912501c04 avia-iconlist-animate'>\n<li><div class='iconlist_icon av-2l7fp2-ad1fbd46905b518c94e3c7d9f67f3b05 avia-font-entypo-fontello avia-iconfont avia-font-entypo-fontello'><span class='av-icon-char' data-av_icon='\ue8d6' data-av_iconfont='entypo-fontello' aria-hidden=\"true\"><\/span><\/div><article class=\"article-icon-entry \"  itemscope=\"itemscope\" itemtype=\"https:\/\/schema.org\/CreativeWork\" ><div class=\"iconlist_content_wrap\"><header class=\"entry-content-header\" aria-label=\"Icon: &lt;span style=&quot;text-transform: none;&quot;&gt;Heizsysteme &amp; W\u00e4rmepumpe&lt;\/span&gt;\"><h4 class='av_iconlist_title iconlist_title  '  itemprop=\"headline\" ><span style=\"text-transform: none;\">Heizsysteme & W\u00e4rmepumpe<\/span><\/h4><\/header><div class='iconlist_content '  itemprop=\"text\" ><p>Intelligent heizen \u2013 die fachgerechte Zusammenstellung und Abstimmung aller Komponenten durch den Fachmann l\u00e4sst Sie das richtige Heizsystem finden.<\/p>\n<\/div><\/div><footer class=\"entry-footer\"><\/footer><\/article><div class=\"iconlist-timeline\"><\/div><\/li>\n<li><div class='iconlist_icon av-a6wehg-a018b7670651086a96d77bd7f79963dd avia-font-entypo-fontello avia-iconfont avia-font-entypo-fontello'><span class='av-icon-char' data-av_icon='\ue8c7' data-av_iconfont='entypo-fontello' aria-hidden=\"true\"><\/span><\/div><article class=\"article-icon-entry \"  itemscope=\"itemscope\" itemtype=\"https:\/\/schema.org\/CreativeWork\" ><div class=\"iconlist_content_wrap\"><header class=\"entry-content-header\" aria-label=\"Icon: &lt;span style=&quot;text-transform: none;&quot;&gt;Kalkulierter Ertrag&lt;\/span&gt;\"><h4 class='av_iconlist_title iconlist_title  '  itemprop=\"headline\" ><span style=\"text-transform: none;\">Kalkulierter Ertrag<\/span><\/h4><\/header><div class='iconlist_content '  itemprop=\"text\" ><p>Ihre bisherigen Stromabrechnungen dienen der optimalen Ermittlung Ihres Bedarfs.<\/p>\n<\/div><\/div><footer class=\"entry-footer\"><\/footer><\/article><div class=\"iconlist-timeline\"><\/div><\/li>\n<\/ul><\/div><\/div>\n\n<style type=\"text\/css\" data-created_by=\"avia_inline_auto\" id=\"style-css-av-x1l0k-f520041583967fa9ad7a9367da71c995\">\n.flex_column.av-x1l0k-f520041583967fa9ad7a9367da71c995{\nborder-radius:0px 0px 0px 0px;\npadding:0px 0px 0px 0px;\n}\n<\/style>\n<div  class='flex_column av-x1l0k-f520041583967fa9ad7a9367da71c995 av_one_third  avia-builder-el-15  el_after_av_one_third  el_before_av_one_third  av-break-at-tablet flex_column_div av-zero-column-padding  '     ><style type=\"text\/css\" data-created_by=\"avia_inline_auto\" id=\"style-css-av-jpv86pwb-046ac846d36597a93edd680912501c04\">\n#top .avia-icon-list-container.av-jpv86pwb-046ac846d36597a93edd680912501c04 .iconlist_icon{\nbackground-color:#ffd600;\n}\n#top #wrap_all .avia-icon-list-container.av-jpv86pwb-046ac846d36597a93edd680912501c04 .av_iconlist_title{\nfont-size:16px;\n}\n<\/style>\n<div  class='avia-icon-list-container av-jpv86pwb-046ac846d36597a93edd680912501c04  avia-builder-el-16  avia-builder-el-no-sibling '><ul class='avia-icon-list avia_animate_when_almost_visible avia-icon-list-left av-iconlist-big av-jpv86pwb-046ac846d36597a93edd680912501c04 avia-iconlist-animate'>\n<li><div class='iconlist_icon av-56upfo-3b7699e51e97df13f2ede0f19322e6ba avia-font-entypo-fontello avia-iconfont avia-font-entypo-fontello'><span class='av-icon-char' data-av_icon='\ue821' data-av_iconfont='entypo-fontello' aria-hidden=\"true\"><\/span><\/div><article class=\"article-icon-entry \"  itemscope=\"itemscope\" itemtype=\"https:\/\/schema.org\/CreativeWork\" ><div class=\"iconlist_content_wrap\"><header class=\"entry-content-header\" aria-label=\"Icon: &lt;span style=&quot;text-transform: none;&quot;&gt;Voraussetzungen&lt;\/span&gt;\"><h4 class='av_iconlist_title iconlist_title  '  itemprop=\"headline\" ><span style=\"text-transform: none;\">Voraussetzungen<\/span><\/h4><\/header><div class='iconlist_content '  itemprop=\"text\" ><p>In einem pers\u00f6nlichen Beratungsgespr\u00e4ch kl\u00e4ren wir ausf\u00fchrlich Ihre individuellen Voraussetzungen.<\/p>\n<\/div><\/div><footer class=\"entry-footer\"><\/footer><\/article><div class=\"iconlist-timeline\"><\/div><\/li>\n<li><div class='iconlist_icon av-3sgsie-2bb5036502ee767c5aa7c678e33612ba avia-font-entypo-fontello avia-iconfont avia-font-entypo-fontello'><span class='av-icon-char' data-av_icon='\ue8dd' data-av_iconfont='entypo-fontello' aria-hidden=\"true\"><\/span><\/div><article class=\"article-icon-entry \"  itemscope=\"itemscope\" itemtype=\"https:\/\/schema.org\/CreativeWork\" ><div class=\"iconlist_content_wrap\"><header class=\"entry-content-header\" aria-label=\"Icon: &lt;span style=&quot;text-transform: none;&quot;&gt;F\u00f6rderung&lt;\/span&gt;\"><h4 class='av_iconlist_title iconlist_title  '  itemprop=\"headline\" ><span style=\"text-transform: none;\">F\u00f6rderung<\/span><\/h4><\/header><div class='iconlist_content '  itemprop=\"text\" ><p>F\u00f6rderbedingungen und Konditionen erfahren Sie bei uns oder beim <a href=\"http:\/\/www.bafa.de\/BfEE\/DE\/Foerderung\/foerderung_node.html\">Bundesamt f\u00fcr Wirtschaft und Ausfuhrkontrolle<\/a> (BAFA).<\/p>\n<\/div><\/div><footer class=\"entry-footer\"><\/footer><\/article><div class=\"iconlist-timeline\"><\/div><\/li>\n<\/ul><\/div><\/div>\n\n<style type=\"text\/css\" data-created_by=\"avia_inline_auto\" id=\"style-css-av-x1l0k-f520041583967fa9ad7a9367da71c995\">\n.flex_column.av-x1l0k-f520041583967fa9ad7a9367da71c995{\nborder-radius:0px 0px 0px 0px;\npadding:0px 0px 0px 0px;\n}\n<\/style>\n<div  class='flex_column av-x1l0k-f520041583967fa9ad7a9367da71c995 av_one_third  avia-builder-el-17  el_after_av_one_third  el_before_av_hr  av-break-at-tablet flex_column_div av-zero-column-padding  '     ><style type=\"text\/css\" data-created_by=\"avia_inline_auto\" id=\"style-css-av-jpv86pwb-046ac846d36597a93edd680912501c04\">\n#top .avia-icon-list-container.av-jpv86pwb-046ac846d36597a93edd680912501c04 .iconlist_icon{\nbackground-color:#ffd600;\n}\n#top #wrap_all .avia-icon-list-container.av-jpv86pwb-046ac846d36597a93edd680912501c04 .av_iconlist_title{\nfont-size:16px;\n}\n<\/style>\n<div  class='avia-icon-list-container av-jpv86pwb-046ac846d36597a93edd680912501c04  avia-builder-el-18  avia-builder-el-no-sibling '><ul class='avia-icon-list avia_animate_when_almost_visible avia-icon-list-left av-iconlist-big av-jpv86pwb-046ac846d36597a93edd680912501c04 avia-iconlist-animate'>\n<li><div class='iconlist_icon av-2hkwme-ca1e26a355512f9f94c9b2400144f999 avia-font-entypo-fontello avia-iconfont avia-font-entypo-fontello'><span class='av-icon-char' data-av_icon='\ue8cf' data-av_iconfont='entypo-fontello' aria-hidden=\"true\"><\/span><\/div><article class=\"article-icon-entry \"  itemscope=\"itemscope\" itemtype=\"https:\/\/schema.org\/CreativeWork\" ><div class=\"iconlist_content_wrap\"><header class=\"entry-content-header\" aria-label=\"Icon: &lt;span style=&quot;text-transform: none;&quot;&gt;Finanzierung&lt;\/span&gt;\"><h4 class='av_iconlist_title iconlist_title  '  itemprop=\"headline\" ><span style=\"text-transform: none;\">Finanzierung<\/span><\/h4><\/header><div class='iconlist_content '  itemprop=\"text\" ><p>Die aktuellen M\u00f6glichkeiten \u00fcber <a href=\"http:\/\/www.bafa.de\/BfEE\/DE\/Foerderung\/foerderung_node.html\">BAFA <\/a>und <a href=\"https:\/\/www.kfw.de\/\">kfw-Bank<\/a> erfahren Sie im Gespr\u00e4ch.<\/p>\n<\/div><\/div><footer class=\"entry-footer\"><\/footer><\/article><div class=\"iconlist-timeline\"><\/div><\/li>\n<\/ul><\/div><\/div>\n\n<style type=\"text\/css\" data-created_by=\"avia_inline_auto\" id=\"style-css-av-jq7oolop-92e3c80c739c09070aff6be2de01653b\">\n#top .hr.hr-invisible.av-jq7oolop-92e3c80c739c09070aff6be2de01653b{\nheight:75px;\n}\n<\/style>\n<div  class='hr av-jq7oolop-92e3c80c739c09070aff6be2de01653b hr-invisible  avia-builder-el-19  el_after_av_one_third  el_before_av_hr  av-medium-hide av-small-hide av-mini-hide'><span class='hr-inner '><span class=\"hr-inner-style\"><\/span><\/span><\/div>\n\n<style type=\"text\/css\" data-created_by=\"avia_inline_auto\" id=\"style-css-av-jq7oolop-81c76dda084908fd0f5d7bdcd563ae07\">\n#top .hr.hr-invisible.av-jq7oolop-81c76dda084908fd0f5d7bdcd563ae07{\nheight:10px;\n}\n<\/style>\n<div  class='hr av-jq7oolop-81c76dda084908fd0f5d7bdcd563ae07 hr-invisible  avia-builder-el-20  el_after_av_hr  el_before_av_section  avia-builder-el-last  av-desktop-hide av-small-hide av-mini-hide'><span class='hr-inner '><span class=\"hr-inner-style\"><\/span><\/span><\/div>\n<\/div><\/div><\/div><!-- close content main div --><\/div><\/div>\n<style type=\"text\/css\" data-created_by=\"avia_inline_auto\" id=\"style-css-av-jq7p9s3g-98c2d1f25dd4c43397b84fe331ebe184\">\n.avia-section.av-jq7p9s3g-98c2d1f25dd4c43397b84fe331ebe184{\nbackground-color:#ededed;\nbackground-image:unset;\n}\n<\/style>\n<div id='av_section_2'  class='avia-section av-jq7p9s3g-98c2d1f25dd4c43397b84fe331ebe184 main_color avia-section-no-padding avia-no-border-styling  avia-builder-el-21  el_after_av_hr  avia-builder-el-last  avia-bg-style-scroll container_wrap fullsize'  ><div class='container av-section-cont-open' ><div class='template-page content  av-content-full alpha units'><div class='post-entry post-entry-type-page post-entry-1222'><div class='entry-content-wrapper clearfix'>\n\n<style type=\"text\/css\" data-created_by=\"avia_inline_auto\" id=\"style-css-av-jq7oolop-a6da74e25cb580191e3cf1b8c0ec25d0\">\n#top .hr.hr-invisible.av-jq7oolop-a6da74e25cb580191e3cf1b8c0ec25d0{\nheight:50px;\n}\n<\/style>\n<div  class='hr av-jq7oolop-a6da74e25cb580191e3cf1b8c0ec25d0 hr-invisible  avia-builder-el-22  el_before_av_one_third  avia-builder-el-first '><span class='hr-inner '><span class=\"hr-inner-style\"><\/span><\/span><\/div>\n\n<style type=\"text\/css\" data-created_by=\"avia_inline_auto\" id=\"style-css-av-5ocume-3b6766aa0dfbf2f7822b3dbb54ae61eb\">\n.flex_column.av-5ocume-3b6766aa0dfbf2f7822b3dbb54ae61eb{\nborder-radius:0px 0px 0px 0px;\npadding:0px 0px 0px 0px;\n}\n<\/style>\n<div  class='flex_column av-5ocume-3b6766aa0dfbf2f7822b3dbb54ae61eb av_one_third  avia-builder-el-23  el_after_av_hr  el_before_av_one_third  first av-break-at-tablet flex_column_div av-zero-column-padding  '     ><section  class='av_textblock_section av-jq7peefi-ff58c89859e1490acdcc94a4005ac827 '   itemscope=\"itemscope\" itemtype=\"https:\/\/schema.org\/CreativeWork\" ><div class='avia_textblock'  itemprop=\"text\" ><h3>Warum moderne Heizsysteme nutzen?<\/h3>\n<ul>\n<li>sie sorgen f\u00fcr eine gr\u00f6\u00dfere Energieeinsparung<\/li>\n<li>eine einfache Bedienbarkeit zeichnet sie aus<\/li>\n<li>Anlagen\u00fcberwachung aus der Ferne<\/li>\n<\/ul>\n<\/div><\/section><\/div>\n<style type=\"text\/css\" data-created_by=\"avia_inline_auto\" id=\"style-css-av-46j9ja-1530e5f5aa1823a8341ee78fba958a79\">\n.flex_column.av-46j9ja-1530e5f5aa1823a8341ee78fba958a79{\nborder-radius:0px 0px 0px 0px;\npadding:0px 0px 0px 0px;\n}\n<\/style>\n<div  class='flex_column av-46j9ja-1530e5f5aa1823a8341ee78fba958a79 av_one_third  avia-builder-el-25  el_after_av_one_third  el_before_av_one_third  av-break-at-tablet flex_column_div av-zero-column-padding  '     ><section  class='av_textblock_section av-jq7pet0o-ec02053592037e9989cfe2d9c4253447 '   itemscope=\"itemscope\" itemtype=\"https:\/\/schema.org\/CreativeWork\" ><div class='avia_textblock'  itemprop=\"text\" ><h3>Warum W\u00e4rmepumpen nutzen?<\/h3>\n<p>Mit einer W\u00e4rmepumpe bleiben Sie unabh\u00e4ngig von fossilen Brennstoffen. Sie k\u00f6nnen bei Ihren anfallenden Heizkosten sparen und genie\u00dfen gleichzeitig eine staatliche F\u00f6rderung. Unsere W\u00e4rmepumpen eignen sich bestens f\u00fcr die Kombination mit Photovoltaik und unsere anderen Services.<\/p>\n<\/div><\/section><\/div>\n<style type=\"text\/css\" data-created_by=\"avia_inline_auto\" id=\"style-css-av-2qzzeu-5b0b3d2da287a36caf7d9e80d79720f5\">\n.flex_column.av-2qzzeu-5b0b3d2da287a36caf7d9e80d79720f5{\nborder-radius:0px 0px 0px 0px;\npadding:0px 0px 0px 0px;\n}\n<\/style>\n<div  class='flex_column av-2qzzeu-5b0b3d2da287a36caf7d9e80d79720f5 av_one_third  avia-builder-el-27  el_after_av_one_third  el_before_av_hr  av-break-at-tablet flex_column_div av-zero-column-padding  '     ><section  class='av_textblock_section av-jq7pf1vq-2bab71da028410cec6c75be804503599 '   itemscope=\"itemscope\" itemtype=\"https:\/\/schema.org\/CreativeWork\" ><div class='avia_textblock'  itemprop=\"text\" ><h3>Welche F\u00f6rderungen gibt es?<\/h3>\n<p>F\u00f6rderbedingungen und Konditionen erfahren Sie bei uns oder beim <a href=\"http:\/\/www.bafa.de\/BfEE\/DE\/Foerderung\/foerderung_node.html\">Bundesamt f\u00fcr Wirtschaft und Ausfuhrkontrolle<\/a> (BAFA).<\/p>\n<\/div><\/section><\/div>\n<style type=\"text\/css\" data-created_by=\"avia_inline_auto\" id=\"style-css-av-jq7oolop-208e28806565057bedf1b421beb4cc60\">\n#top .hr.hr-invisible.av-jq7oolop-208e28806565057bedf1b421beb4cc60{\nheight:25px;\n}\n<\/style>\n<div  class='hr av-jq7oolop-208e28806565057bedf1b421beb4cc60 hr-invisible  avia-builder-el-29  el_after_av_one_third  avia-builder-el-last  av-small-hide av-mini-hide'><span class='hr-inner '><span class=\"hr-inner-style\"><\/span><\/span><\/div>\n\n","protected":false},"excerpt":{"rendered":"","protected":false},"author":1,"featured_media":0,"parent":0,"menu_order":0,"comment_status":"closed","ping_status":"closed","template":"","meta":{"footnotes":""},"class_list":["post-1222","page","type-page","status-publish","hentry"],"_links":{"self":[{"href":"https:\/\/ziegeler-solar.de\/index.php\/wp-json\/wp\/v2\/pages\/1222","targetHints":{"allow":["GET"]}}],"collection":[{"href":"https:\/\/ziegeler-solar.de\/index.php\/wp-json\/wp\/v2\/pages"}],"about":[{"href":"https:\/\/ziegeler-solar.de\/index.php\/wp-json\/wp\/v2\/types\/page"}],"author":[{"embeddable":true,"href":"https:\/\/ziegeler-solar.de\/index.php\/wp-json\/wp\/v2\/users\/1"}],"replies":[{"embeddable":true,"href":"https:\/\/ziegeler-solar.de\/index.php\/wp-json\/wp\/v2\/comments?post=1222"}],"version-history":[{"count":6,"href":"https:\/\/ziegeler-solar.de\/index.php\/wp-json\/wp\/v2\/pages\/1222\/revisions"}],"predecessor-version":[{"id":4008,"href":"https:\/\/ziegeler-solar.de\/index.php\/wp-json\/wp\/v2\/pages\/1222\/revisions\/4008"}],"wp:attachment":[{"href":"https:\/\/ziegeler-solar.de\/index.php\/wp-json\/wp\/v2\/media?parent=1222"}],"curies":[{"name":"wp","href":"https:\/\/api.w.org\/{rel}","templated":true}]}}