{"id":3735,"date":"2021-03-19T09:21:02","date_gmt":"2021-03-19T08:21:02","guid":{"rendered":"https:\/\/ziegeler-solar.de\/\/?page_id=3735"},"modified":"2021-03-19T09:21:03","modified_gmt":"2021-03-19T08:21:03","slug":"wartungsservice","status":"publish","type":"page","link":"https:\/\/ziegeler-solar.de\/index.php\/wartungsservice\/","title":{"rendered":"Wartungsservice"},"content":{"rendered":"\n<style type=\"text\/css\" data-created_by=\"avia_inline_auto\" id=\"style-css-av-jq7vwz88-8f8d93f81146649ed0e1cbe437bad41a\">\n.avia-section.av-jq7vwz88-8f8d93f81146649ed0e1cbe437bad41a .av-parallax .av-parallax-inner{\nbackground-repeat:no-repeat;\nbackground-image:url(https:\/\/ziegeler-solar.de\/wp-content\/uploads\/2019\/01\/optService2.jpg);\nbackground-position:0% 100%;\nbackground-attachment:scroll;\n}\n<\/style>\n<div id='av_section_1'  class='avia-section av-jq7vwz88-8f8d93f81146649ed0e1cbe437bad41a main_color avia-section-no-padding avia-no-border-styling  avia-builder-el-0  el_before_av_section  avia-builder-el-first  av-medium-hide av-small-hide av-mini-hide av-parallax-section avia-bg-style-parallax av-minimum-height av-minimum-height-custom av-height-custom  container_wrap fullsize'  data-section-bg-repeat='no-repeat' data-av_minimum_height_px='600'><div class='av-parallax' data-avia-parallax-ratio='0.3' ><div class='av-parallax-inner main_color avia-full-stretch'><\/div><\/div><div class='container av-section-cont-open' style='height:600px'><main  role=\"main\" itemprop=\"mainContentOfPage\"  class='template-page content  av-content-full alpha units'><div class='post-entry post-entry-type-page post-entry-3735'><div class='entry-content-wrapper clearfix'>\n\n<style type=\"text\/css\" data-created_by=\"avia_inline_auto\" id=\"style-css-av-jq7w8ldb-5695a24f80bb93a644df8365d96d63be\">\n#top .hr.hr-invisible.av-jq7w8ldb-5695a24f80bb93a644df8365d96d63be{\nmargin-top:-100px;\nheight:1px;\n}\n<\/style>\n<div  class='hr av-jq7w8ldb-5695a24f80bb93a644df8365d96d63be hr-invisible  avia-builder-el-1  el_before_av_textblock  avia-builder-el-first '><span class='hr-inner '><span class=\"hr-inner-style\"><\/span><\/span><\/div>\n\n<style type=\"text\/css\" data-created_by=\"avia_inline_auto\" id=\"style-css-av-jq7w4hq6-7fbb31e7df6476a2aae4907afb94c698\">\n#top .av_textblock_section.av-jq7w4hq6-7fbb31e7df6476a2aae4907afb94c698 .avia_textblock{\ncolor:#ffffff;\n}\n<\/style>\n<section  class='av_textblock_section av-jq7w4hq6-7fbb31e7df6476a2aae4907afb94c698 '   itemscope=\"itemscope\" itemtype=\"https:\/\/schema.org\/CreativeWork\" ><div class='avia_textblock headingPicture av_inherit_color'  itemprop=\"text\" ><h1>Wartungsservice<\/h1>\n<\/div><\/section>\n\n<style type=\"text\/css\" data-created_by=\"avia_inline_auto\" id=\"style-css-av-jq7w4hq6-8b97cfa30aaf10d07640638bd99e90de\">\n#top .av_textblock_section.av-jq7w4hq6-8b97cfa30aaf10d07640638bd99e90de .avia_textblock{\ncolor:#ffffff;\n}\n<\/style>\n<section  class='av_textblock_section av-jq7w4hq6-8b97cfa30aaf10d07640638bd99e90de '   itemscope=\"itemscope\" itemtype=\"https:\/\/schema.org\/CreativeWork\" ><div class='avia_textblock textoverPicture av_inherit_color'  itemprop=\"text\" ><h3>kompetent + zuverl\u00e4ssig + fair<\/h3>\n<\/div><\/section>\n<\/div><\/div><\/main><!-- close content main element --><\/div><\/div>\n<style type=\"text\/css\" data-created_by=\"avia_inline_auto\" id=\"style-css-av-jq7vwz88-3a732e4a72e5203c286e7c73f9cf9d81\">\n.avia-section.av-jq7vwz88-3a732e4a72e5203c286e7c73f9cf9d81 .av-parallax .av-parallax-inner{\nbackground-repeat:no-repeat;\nbackground-image:url(https:\/\/ziegeler-solar.de\/wp-content\/uploads\/2019\/01\/optService2-1030x686.jpg);\nbackground-position:50% 50%;\nbackground-attachment:scroll;\n}\n<\/style>\n<div id='av_section_2'  class='avia-section av-jq7vwz88-3a732e4a72e5203c286e7c73f9cf9d81 main_color avia-section-no-padding avia-no-border-styling  avia-builder-el-4  el_after_av_section  el_before_av_hr  av-desktop-hide av-parallax-section avia-bg-style-parallax av-minimum-height av-minimum-height-50 av-height-50  container_wrap fullsize'  data-section-bg-repeat='no-repeat' data-av_minimum_height_pc='50' data-av_min_height_opt='50'><div class='av-parallax' data-avia-parallax-ratio='0.3' ><div class='av-parallax-inner main_color avia-full-stretch'><\/div><\/div><div class='container av-section-cont-open' ><div class='template-page content  av-content-full alpha units'><div class='post-entry post-entry-type-page post-entry-3735'><div class='entry-content-wrapper clearfix'>\n\n<style type=\"text\/css\" data-created_by=\"avia_inline_auto\" id=\"style-css-av-jq7w4hq6-7fbb31e7df6476a2aae4907afb94c698\">\n#top .av_textblock_section.av-jq7w4hq6-7fbb31e7df6476a2aae4907afb94c698 .avia_textblock{\ncolor:#ffffff;\n}\n<\/style>\n<section  class='av_textblock_section av-jq7w4hq6-7fbb31e7df6476a2aae4907afb94c698 '   itemscope=\"itemscope\" itemtype=\"https:\/\/schema.org\/CreativeWork\" ><div class='avia_textblock headingPicture av_inherit_color'  itemprop=\"text\" ><h2>Wartungsservice<\/h2>\n<\/div><\/section>\n\n<style type=\"text\/css\" data-created_by=\"avia_inline_auto\" id=\"style-css-av-jq7w4hq6-8b97cfa30aaf10d07640638bd99e90de\">\n#top .av_textblock_section.av-jq7w4hq6-8b97cfa30aaf10d07640638bd99e90de .avia_textblock{\ncolor:#ffffff;\n}\n<\/style>\n<section  class='av_textblock_section av-jq7w4hq6-8b97cfa30aaf10d07640638bd99e90de '   itemscope=\"itemscope\" itemtype=\"https:\/\/schema.org\/CreativeWork\" ><div class='avia_textblock textoverPicture av_inherit_color'  itemprop=\"text\" ><h3>kompetent + zuverl\u00e4ssig + fair<\/h3>\n<\/div><\/section>\n<\/div><\/div><\/div><!-- close content main div --><\/div><\/div><div id='after_section_2'  class='main_color av_default_container_wrap container_wrap fullsize'  ><div class='container av-section-cont-open' ><div class='template-page content  av-content-full alpha units'><div class='post-entry post-entry-type-page post-entry-3735'><div class='entry-content-wrapper clearfix'>\n<style type=\"text\/css\" data-created_by=\"avia_inline_auto\" id=\"style-css-av-jq7qf8bk-3da1ee85fe3cc1e592ae542d287ba8a1\">\n#top .hr.hr-invisible.av-jq7qf8bk-3da1ee85fe3cc1e592ae542d287ba8a1{\nheight:100px;\n}\n<\/style>\n<div  class='hr av-jq7qf8bk-3da1ee85fe3cc1e592ae542d287ba8a1 hr-invisible  avia-builder-el-7  el_after_av_section  el_before_av_hr  avia-builder-el-first  av-medium-hide av-small-hide av-mini-hide'><span class='hr-inner '><span class=\"hr-inner-style\"><\/span><\/span><\/div><\/p>\n\n<style type=\"text\/css\" data-created_by=\"avia_inline_auto\" id=\"style-css-av-jq7qf8bk-bb48f1b598ef1735d83f71887ae6d35a\">\n#top .hr.hr-invisible.av-jq7qf8bk-bb48f1b598ef1735d83f71887ae6d35a{\nheight:25px;\n}\n<\/style>\n<div  class='hr av-jq7qf8bk-bb48f1b598ef1735d83f71887ae6d35a hr-invisible  avia-builder-el-8  el_after_av_hr  el_before_av_one_full  av-desktop-hide'><span class='hr-inner '><span class=\"hr-inner-style\"><\/span><\/span><\/div>\n\n<style type=\"text\/css\" data-created_by=\"avia_inline_auto\" id=\"style-css-av-ak52yz-5f4ae73f1cf704dff9128f7f03ec7c5b\">\n.flex_column.av-ak52yz-5f4ae73f1cf704dff9128f7f03ec7c5b{\nborder-radius:0px 0px 0px 0px;\npadding:0px 0px 0px 0px;\n}\n<\/style>\n<div  class='flex_column av-ak52yz-5f4ae73f1cf704dff9128f7f03ec7c5b av_one_full  avia-builder-el-9  el_after_av_hr  el_before_av_hr  first flex_column_div av-zero-column-padding  '     ><p>\n<style type=\"text\/css\" data-created_by=\"avia_inline_auto\" id=\"style-css-av-jqp881kk-02aa2dc49b3482f8799a13f625bda57a\">\n#top .av-special-heading.av-jqp881kk-02aa2dc49b3482f8799a13f625bda57a{\npadding-bottom:10px;\n}\nbody .av-special-heading.av-jqp881kk-02aa2dc49b3482f8799a13f625bda57a .av-special-heading-tag .heading-char{\nfont-size:25px;\n}\n.av-special-heading.av-jqp881kk-02aa2dc49b3482f8799a13f625bda57a .av-subheading{\nfont-size:15px;\n}\n<\/style>\n<div  class='av-special-heading av-jqp881kk-02aa2dc49b3482f8799a13f625bda57a av-special-heading-h1 blockquote modern-quote  avia-builder-el-10  el_before_av_heading  avia-builder-el-first  av-small-hide av-mini-hide'><h1 class='av-special-heading-tag '  itemprop=\"headline\"  >Unser Service<\/h1><div class=\"special-heading-border\"><div class=\"special-heading-inner-border\"><\/div><\/div><\/div><br \/>\n\n<style type=\"text\/css\" data-created_by=\"avia_inline_auto\" id=\"style-css-av-jqp886y1-827d9999f4c2ad41d32fbf5e99572584\">\n#top .av-special-heading.av-jqp886y1-827d9999f4c2ad41d32fbf5e99572584{\npadding-bottom:10px;\n}\nbody .av-special-heading.av-jqp886y1-827d9999f4c2ad41d32fbf5e99572584 .av-special-heading-tag .heading-char{\nfont-size:25px;\n}\n.av-special-heading.av-jqp886y1-827d9999f4c2ad41d32fbf5e99572584 .av-subheading{\nfont-size:15px;\n}\n<\/style>\n<div  class='av-special-heading av-jqp886y1-827d9999f4c2ad41d32fbf5e99572584 av-special-heading-h2 blockquote modern-quote  avia-builder-el-11  el_after_av_heading  avia-builder-el-last  av-desktop-hide av-medium-hide'><h2 class='av-special-heading-tag '  itemprop=\"headline\"  >Unser Service<\/h2><div class=\"special-heading-border\"><div class=\"special-heading-inner-border\"><\/div><\/div><\/div><\/p><\/div>\n\n<style type=\"text\/css\" data-created_by=\"avia_inline_auto\" id=\"style-css-av-jq7qf8bk-b342c26ea8d9f445685b0950eca8f92e\">\n#top .hr.hr-invisible.av-jq7qf8bk-b342c26ea8d9f445685b0950eca8f92e{\nheight:50px;\n}\n<\/style>\n<div  class='hr av-jq7qf8bk-b342c26ea8d9f445685b0950eca8f92e hr-invisible  avia-builder-el-12  el_after_av_one_full  el_before_av_one_full  av-medium-hide av-small-hide av-mini-hide'><span class='hr-inner '><span class=\"hr-inner-style\"><\/span><\/span><\/div>\n\n<style type=\"text\/css\" data-created_by=\"avia_inline_auto\" id=\"style-css-av-9vrt6j-65feb9899e7641b4e190121ef06042f0\">\n.flex_column.av-9vrt6j-65feb9899e7641b4e190121ef06042f0{\nborder-radius:0px 0px 0px 0px;\npadding:0px 0px 0px 0px;\n}\n<\/style>\n<div  class='flex_column av-9vrt6j-65feb9899e7641b4e190121ef06042f0 av_one_full  avia-builder-el-13  el_after_av_hr  el_before_av_hr  first av-break-at-tablet flex_column_div av-zero-column-padding  '     ><section  class='av_textblock_section av-jq7qgo3a-d7743d723128951152878f045cda98d8 '   itemscope=\"itemscope\" itemtype=\"https:\/\/schema.org\/CreativeWork\" ><div class='avia_textblock'  itemprop=\"text\" ><p>Unsere Kunden betreuen wir nat\u00fcrlich auch nach der Heizungserneuerung weiter. Je nach Hersteller wird verlangt regelm\u00e4\u00dfig eine Heizungswartung durchzuf\u00fchren. Gerne \u00fcbernehmen wir diesen Service f\u00fcr Sie.<\/p>\n<p>Es besteht nat\u00fcrlich auch die M\u00f6glichkeit einen Wartungsvertrag f\u00fcr Ihre Heizung bei uns abzuschlie\u00dfen. Um Ihr Anliegen zu kl\u00e4ren rufen Sie uns doch einfach an. Unser B\u00fcro ist werktags von 08:00 Uhr bis 15:00Uhr f\u00fcr Sie erreichbar.<\/p>\n<\/div><\/section><\/div>\n<style type=\"text\/css\" data-created_by=\"avia_inline_auto\" id=\"style-css-av-jq7qf8bk-3da1ee85fe3cc1e592ae542d287ba8a1\">\n#top .hr.hr-invisible.av-jq7qf8bk-3da1ee85fe3cc1e592ae542d287ba8a1{\nheight:100px;\n}\n<\/style>\n<div  class='hr av-jq7qf8bk-3da1ee85fe3cc1e592ae542d287ba8a1 hr-invisible  avia-builder-el-15  el_after_av_one_full  avia-builder-el-last  av-medium-hide av-small-hide av-mini-hide'><span class='hr-inner '><span class=\"hr-inner-style\"><\/span><\/span><\/div><\/p>\n","protected":false},"excerpt":{"rendered":"","protected":false},"author":1,"featured_media":0,"parent":0,"menu_order":0,"comment_status":"closed","ping_status":"closed","template":"","meta":{"footnotes":""},"class_list":["post-3735","page","type-page","status-publish","hentry"],"_links":{"self":[{"href":"https:\/\/ziegeler-solar.de\/index.php\/wp-json\/wp\/v2\/pages\/3735","targetHints":{"allow":["GET"]}}],"collection":[{"href":"https:\/\/ziegeler-solar.de\/index.php\/wp-json\/wp\/v2\/pages"}],"about":[{"href":"https:\/\/ziegeler-solar.de\/index.php\/wp-json\/wp\/v2\/types\/page"}],"author":[{"embeddable":true,"href":"https:\/\/ziegeler-solar.de\/index.php\/wp-json\/wp\/v2\/users\/1"}],"replies":[{"embeddable":true,"href":"https:\/\/ziegeler-solar.de\/index.php\/wp-json\/wp\/v2\/comments?post=3735"}],"version-history":[{"count":1,"href":"https:\/\/ziegeler-solar.de\/index.php\/wp-json\/wp\/v2\/pages\/3735\/revisions"}],"predecessor-version":[{"id":3736,"href":"https:\/\/ziegeler-solar.de\/index.php\/wp-json\/wp\/v2\/pages\/3735\/revisions\/3736"}],"wp:attachment":[{"href":"https:\/\/ziegeler-solar.de\/index.php\/wp-json\/wp\/v2\/media?parent=3735"}],"curies":[{"name":"wp","href":"https:\/\/api.w.org\/{rel}","templated":true}]}}