{"id":3757,"date":"2021-03-19T10:03:08","date_gmt":"2021-03-19T09:03:08","guid":{"rendered":"https:\/\/ziegeler-solar.de\/\/?page_id=3757"},"modified":"2021-03-19T10:03:08","modified_gmt":"2021-03-19T09:03:08","slug":"heizungssanierung","status":"publish","type":"page","link":"https:\/\/ziegeler-solar.de\/index.php\/heizungssanierung\/","title":{"rendered":"Heizungssanierung"},"content":{"rendered":"\n<style type=\"text\/css\" data-created_by=\"avia_inline_auto\" id=\"style-css-av-jq7vwz88-3a21fd4b7176a4508880e3ba4a3de8ab\">\n.avia-section.av-jq7vwz88-3a21fd4b7176a4508880e3ba4a3de8ab .av-parallax .av-parallax-inner{\nbackground-repeat:no-repeat;\nbackground-image:url(https:\/\/ziegeler-solar.de\/wp-content\/uploads\/2018\/12\/3035825.jpg);\nbackground-position:50% 50%;\nbackground-attachment:scroll;\n}\n<\/style>\n<div id='av_section_1'  class='avia-section av-jq7vwz88-3a21fd4b7176a4508880e3ba4a3de8ab main_color avia-section-no-padding avia-no-border-styling  avia-builder-el-0  el_before_av_section  avia-builder-el-first  av-medium-hide av-small-hide av-mini-hide av-parallax-section avia-bg-style-parallax av-minimum-height av-minimum-height-custom av-height-custom  container_wrap fullsize'  data-section-bg-repeat='no-repeat' data-av_minimum_height_px='600'><div class='av-parallax' data-avia-parallax-ratio='0.3' ><div class='av-parallax-inner main_color avia-full-stretch'><\/div><\/div><div class='container av-section-cont-open' style='height:600px'><main  role=\"main\" itemprop=\"mainContentOfPage\"  class='template-page content  av-content-full alpha units'><div class='post-entry post-entry-type-page post-entry-3757'><div class='entry-content-wrapper clearfix'>\n\n<style type=\"text\/css\" data-created_by=\"avia_inline_auto\" id=\"style-css-av-jq7w8ldb-5695a24f80bb93a644df8365d96d63be\">\n#top .hr.hr-invisible.av-jq7w8ldb-5695a24f80bb93a644df8365d96d63be{\nmargin-top:-100px;\nheight:1px;\n}\n<\/style>\n<div  class='hr av-jq7w8ldb-5695a24f80bb93a644df8365d96d63be hr-invisible  avia-builder-el-1  el_before_av_textblock  avia-builder-el-first '><span class='hr-inner '><span class=\"hr-inner-style\"><\/span><\/span><\/div>\n\n<style type=\"text\/css\" data-created_by=\"avia_inline_auto\" id=\"style-css-av-jq7w4hq6-7fbb31e7df6476a2aae4907afb94c698\">\n#top .av_textblock_section.av-jq7w4hq6-7fbb31e7df6476a2aae4907afb94c698 .avia_textblock{\ncolor:#ffffff;\n}\n<\/style>\n<section  class='av_textblock_section av-jq7w4hq6-7fbb31e7df6476a2aae4907afb94c698 '   itemscope=\"itemscope\" itemtype=\"https:\/\/schema.org\/CreativeWork\" ><div class='avia_textblock headingPicture av_inherit_color'  itemprop=\"text\" ><h1>Heizungssanierung<\/h1>\n<\/div><\/section>\n\n<style type=\"text\/css\" data-created_by=\"avia_inline_auto\" id=\"style-css-av-jq7w4hq6-8b97cfa30aaf10d07640638bd99e90de\">\n#top .av_textblock_section.av-jq7w4hq6-8b97cfa30aaf10d07640638bd99e90de .avia_textblock{\ncolor:#ffffff;\n}\n<\/style>\n<section  class='av_textblock_section av-jq7w4hq6-8b97cfa30aaf10d07640638bd99e90de '   itemscope=\"itemscope\" itemtype=\"https:\/\/schema.org\/CreativeWork\" ><div class='avia_textblock textoverPicture av_inherit_color'  itemprop=\"text\" ><h3>Heizen Sie nachhaltiger mit unseren Partnern<\/h3>\n<\/div><\/section>\n<\/div><\/div><\/main><!-- close content main element --><\/div><\/div>\n<style type=\"text\/css\" data-created_by=\"avia_inline_auto\" id=\"style-css-av-jq7vwz88-6130838cd1adede65ec359f61e66b491\">\n.avia-section.av-jq7vwz88-6130838cd1adede65ec359f61e66b491 .av-parallax .av-parallax-inner{\nbackground-repeat:no-repeat;\nbackground-image:url(https:\/\/ziegeler-solar.de\/wp-content\/uploads\/2018\/12\/3035825.jpg);\nbackground-position:50% 50%;\nbackground-attachment:scroll;\n}\n<\/style>\n<div id='av_section_2'  class='avia-section av-jq7vwz88-6130838cd1adede65ec359f61e66b491 main_color avia-section-no-padding avia-no-border-styling  avia-builder-el-4  el_after_av_section  el_before_av_hr  av-desktop-hide av-parallax-section avia-bg-style-parallax av-minimum-height av-minimum-height-50 av-height-50  container_wrap fullsize'  data-section-bg-repeat='no-repeat' data-av_minimum_height_pc='50' data-av_min_height_opt='50'><div class='av-parallax' data-avia-parallax-ratio='0.3' ><div class='av-parallax-inner main_color avia-full-stretch'><\/div><\/div><div class='container av-section-cont-open' ><div class='template-page content  av-content-full alpha units'><div class='post-entry post-entry-type-page post-entry-3757'><div class='entry-content-wrapper clearfix'>\n\n<style type=\"text\/css\" data-created_by=\"avia_inline_auto\" id=\"style-css-av-jq7w4hq6-7fbb31e7df6476a2aae4907afb94c698\">\n#top .av_textblock_section.av-jq7w4hq6-7fbb31e7df6476a2aae4907afb94c698 .avia_textblock{\ncolor:#ffffff;\n}\n<\/style>\n<section  class='av_textblock_section av-jq7w4hq6-7fbb31e7df6476a2aae4907afb94c698 '   itemscope=\"itemscope\" itemtype=\"https:\/\/schema.org\/CreativeWork\" ><div class='avia_textblock headingPicture av_inherit_color'  itemprop=\"text\" ><h2>Heizungssanierung<\/h2>\n<\/div><\/section>\n\n<style type=\"text\/css\" data-created_by=\"avia_inline_auto\" id=\"style-css-av-jq7w4hq6-8b97cfa30aaf10d07640638bd99e90de\">\n#top .av_textblock_section.av-jq7w4hq6-8b97cfa30aaf10d07640638bd99e90de .avia_textblock{\ncolor:#ffffff;\n}\n<\/style>\n<section  class='av_textblock_section av-jq7w4hq6-8b97cfa30aaf10d07640638bd99e90de '   itemscope=\"itemscope\" itemtype=\"https:\/\/schema.org\/CreativeWork\" ><div class='avia_textblock textoverPicture av_inherit_color'  itemprop=\"text\" ><h3>Heizen Sie nachhaltiger mit unseren Partnern<\/h3>\n<\/div><\/section>\n<\/div><\/div><\/div><!-- close content main div --><\/div><\/div><div id='after_section_2'  class='main_color av_default_container_wrap container_wrap fullsize'  ><div class='container av-section-cont-open' ><div class='template-page content  av-content-full alpha units'><div class='post-entry post-entry-type-page post-entry-3757'><div class='entry-content-wrapper clearfix'>\n<style type=\"text\/css\" data-created_by=\"avia_inline_auto\" id=\"style-css-av-jq7rcf3k-e73160b0c4bfbc205fed59aa32dc520b\">\n#top .hr.hr-invisible.av-jq7rcf3k-e73160b0c4bfbc205fed59aa32dc520b{\nheight:100px;\n}\n<\/style>\n<div  class='hr av-jq7rcf3k-e73160b0c4bfbc205fed59aa32dc520b hr-invisible  avia-builder-el-7  el_after_av_section  el_before_av_hr  avia-builder-el-first  av-medium-hide av-small-hide av-mini-hide'><span class='hr-inner '><span class=\"hr-inner-style\"><\/span><\/span><\/div><\/p>\n\n<style type=\"text\/css\" data-created_by=\"avia_inline_auto\" id=\"style-css-av-jq7rcf3k-5d2cd65aa0b9da98cc4fae8ebb2b787a\">\n#top .hr.hr-invisible.av-jq7rcf3k-5d2cd65aa0b9da98cc4fae8ebb2b787a{\nheight:25px;\n}\n<\/style>\n<div  class='hr av-jq7rcf3k-5d2cd65aa0b9da98cc4fae8ebb2b787a hr-invisible  avia-builder-el-8  el_after_av_hr  el_before_av_one_full  av-desktop-hide'><span class='hr-inner '><span class=\"hr-inner-style\"><\/span><\/span><\/div>\n\n<style type=\"text\/css\" data-created_by=\"avia_inline_auto\" id=\"style-css-av-9hfwn7-92d624473b8c29fa605352f98e232795\">\n.flex_column.av-9hfwn7-92d624473b8c29fa605352f98e232795{\nborder-radius:0px 0px 0px 0px;\npadding:0px 0px 0px 0px;\n}\n<\/style>\n<div  class='flex_column av-9hfwn7-92d624473b8c29fa605352f98e232795 av_one_full  avia-builder-el-9  el_after_av_hr  el_before_av_hr  first flex_column_div av-zero-column-padding  '     ><p>\n<style type=\"text\/css\" data-created_by=\"avia_inline_auto\" id=\"style-css-av-kmg2oorg-7ddf4f42d0d9f19679a58df7dc81f810\">\n#top .av-special-heading.av-kmg2oorg-7ddf4f42d0d9f19679a58df7dc81f810{\npadding-bottom:10px;\n}\nbody .av-special-heading.av-kmg2oorg-7ddf4f42d0d9f19679a58df7dc81f810 .av-special-heading-tag .heading-char{\nfont-size:25px;\n}\n.av-special-heading.av-kmg2oorg-7ddf4f42d0d9f19679a58df7dc81f810 .av-subheading{\nfont-size:15px;\n}\n<\/style>\n<div  class='av-special-heading av-kmg2oorg-7ddf4f42d0d9f19679a58df7dc81f810 av-special-heading-h1 blockquote modern-quote  avia-builder-el-10  el_before_av_heading  avia-builder-el-first  av-small-hide av-mini-hide'><h1 class='av-special-heading-tag '  itemprop=\"headline\"  >Heizungssanierung<\/h1><div class=\"special-heading-border\"><div class=\"special-heading-inner-border\"><\/div><\/div><\/div><br \/>\n\n<style type=\"text\/css\" data-created_by=\"avia_inline_auto\" id=\"style-css-av-kmg2ort7-63d122a800e289677788dbc5ecd532ff\">\n#top .av-special-heading.av-kmg2ort7-63d122a800e289677788dbc5ecd532ff{\npadding-bottom:10px;\n}\nbody .av-special-heading.av-kmg2ort7-63d122a800e289677788dbc5ecd532ff .av-special-heading-tag .heading-char{\nfont-size:25px;\n}\n.av-special-heading.av-kmg2ort7-63d122a800e289677788dbc5ecd532ff .av-subheading{\nfont-size:15px;\n}\n<\/style>\n<div  class='av-special-heading av-kmg2ort7-63d122a800e289677788dbc5ecd532ff av-special-heading-h2 blockquote modern-quote  avia-builder-el-11  el_after_av_heading  avia-builder-el-last  av-desktop-hide av-medium-hide'><h2 class='av-special-heading-tag '  itemprop=\"headline\"  >Heizungssanierung<\/h2><div class=\"special-heading-border\"><div class=\"special-heading-inner-border\"><\/div><\/div><\/div><\/p><\/div>\n<style type=\"text\/css\" data-created_by=\"avia_inline_auto\" id=\"style-css-av-jq7rcj9j-d9058643c7bbd0f8f9f34c3e1c27b347\">\n#top .hr.hr-invisible.av-jq7rcj9j-d9058643c7bbd0f8f9f34c3e1c27b347{\nheight:50px;\n}\n<\/style>\n<div  class='hr av-jq7rcj9j-d9058643c7bbd0f8f9f34c3e1c27b347 hr-invisible  avia-builder-el-12  el_after_av_one_full  el_before_av_one_full  av-medium-hide av-small-hide av-mini-hide'><span class='hr-inner '><span class=\"hr-inner-style\"><\/span><\/span><\/div><\/p>\n\n<style type=\"text\/css\" data-created_by=\"avia_inline_auto\" id=\"style-css-av-7lnx4z-9bd77703ae9551116f58ab2890ec2204\">\n.flex_column.av-7lnx4z-9bd77703ae9551116f58ab2890ec2204{\nborder-radius:0px 0px 0px 0px;\npadding:0px 0px 0px 0px;\n}\n<\/style>\n<div  class='flex_column av-7lnx4z-9bd77703ae9551116f58ab2890ec2204 av_one_full  avia-builder-el-13  el_after_av_hr  el_before_av_hr  first av-break-at-tablet flex_column_div av-zero-column-padding  '     ><section  class='av_textblock_section av-jq7rdtqw-29cd6e21dc0008e34b7d5c68830ae807 '   itemscope=\"itemscope\" itemtype=\"https:\/\/schema.org\/CreativeWork\" ><div class='avia_textblock'  itemprop=\"text\" ><p>Wir arbeiten seit Jahren mit unserem Partnern Solvis, Viessmann und der Bosch\/Junkers Gruppe zusammen und bieten Ihnen gerne ein Heizsystem von unseren Partnern an.<\/p>\n<p>Wir arbeiten in dem Bereich der \u00d6l- und Gasanlagen, Pellet Kessel und Luft-Wasser W\u00e4rmepumpen.<\/p>\n<p>Wir sind bei der Planung und Auslegung sowie bei der Ausf\u00fchrung stets auf eine effizient steigernde L\u00f6sung aus und sorgen daf\u00fcr, dass mit qualitativ hochwertigem Materialien gearbeitet wird.<\/p>\n<p>Melden Sie sich gerne bei uns im B\u00fcro und vereinbaren ein Vor-Ort-Termin. Herr Schn\u00e4delbach findet gemeinsam mit Ihnen eine individuelle L\u00f6sung f\u00fcr das passende Heizsystem.<\/p>\n<\/div><\/section><\/div>\n<style type=\"text\/css\" data-created_by=\"avia_inline_auto\" id=\"style-css-av-jq7rcj9j-bd278945b8a1fff434dce73d21871833\">\n#top .hr.hr-invisible.av-jq7rcj9j-bd278945b8a1fff434dce73d21871833{\nheight:100px;\n}\n<\/style>\n<div  class='hr av-jq7rcj9j-bd278945b8a1fff434dce73d21871833 hr-invisible  avia-builder-el-15  el_after_av_one_full  avia-builder-el-last  av-medium-hide av-small-hide av-mini-hide'><span class='hr-inner '><span class=\"hr-inner-style\"><\/span><\/span><\/div><\/p>\n","protected":false},"excerpt":{"rendered":"","protected":false},"author":1,"featured_media":0,"parent":0,"menu_order":0,"comment_status":"closed","ping_status":"closed","template":"","meta":{"footnotes":""},"class_list":["post-3757","page","type-page","status-publish","hentry"],"_links":{"self":[{"href":"https:\/\/ziegeler-solar.de\/index.php\/wp-json\/wp\/v2\/pages\/3757","targetHints":{"allow":["GET"]}}],"collection":[{"href":"https:\/\/ziegeler-solar.de\/index.php\/wp-json\/wp\/v2\/pages"}],"about":[{"href":"https:\/\/ziegeler-solar.de\/index.php\/wp-json\/wp\/v2\/types\/page"}],"author":[{"embeddable":true,"href":"https:\/\/ziegeler-solar.de\/index.php\/wp-json\/wp\/v2\/users\/1"}],"replies":[{"embeddable":true,"href":"https:\/\/ziegeler-solar.de\/index.php\/wp-json\/wp\/v2\/comments?post=3757"}],"version-history":[{"count":1,"href":"https:\/\/ziegeler-solar.de\/index.php\/wp-json\/wp\/v2\/pages\/3757\/revisions"}],"predecessor-version":[{"id":3758,"href":"https:\/\/ziegeler-solar.de\/index.php\/wp-json\/wp\/v2\/pages\/3757\/revisions\/3758"}],"wp:attachment":[{"href":"https:\/\/ziegeler-solar.de\/index.php\/wp-json\/wp\/v2\/media?parent=3757"}],"curies":[{"name":"wp","href":"https:\/\/api.w.org\/{rel}","templated":true}]}}